{"id":19761,"date":"2022-04-02T00:34:28","date_gmt":"2022-04-02T05:34:28","guid":{"rendered":"https:\/\/www.tolomatic.com\/products\/"},"modified":"2026-02-02T10:39:37","modified_gmt":"2026-02-02T16:39:37","slug":"produkte","status":"publish","type":"page","link":"https:\/\/www.tolomatic.com\/de\/produkte\/","title":{"rendered":"Produkte"},"content":{"rendered":"<style>.acf-custom-block.acf-block-rmgproductpage .columns{display:flex;flex-wrap:wrap;gap:3px}.acf-custom-block.acf-block-rmgproductpage .columns .col{box-shadow:inset 0 0 200px 0 rgba(0,0,0,.2);flex:0 0 calc(25% - 3px);justify-content:space-between;padding:30px 30px 320px;position:relative}.acf-custom-block.acf-block-rmgproductpage .columns .col h2,.acf-custom-block.acf-block-rmgproductpage .columns .col h3{font-size:1.5rem;line-height:2rem;margin-bottom:1.2rem;margin-top:0}.acf-custom-block.acf-block-rmgproductpage .columns .col h2 a,.acf-custom-block.acf-block-rmgproductpage .columns .col h3 a{text-decoration:none}.acf-custom-block.acf-block-rmgproductpage .columns .col h2 a:hover,.acf-custom-block.acf-block-rmgproductpage .columns .col h3 a:hover{text-decoration:underline}.acf-custom-block.acf-block-rmgproductpage .columns .col p,.acf-custom-block.acf-block-rmgproductpage .columns .col ul li{font-size:1rem;line-height:1.25rem}.acf-custom-block.acf-block-rmgproductpage .columns .col .image{bottom:0;left:0;position:absolute;width:100%}.acf-custom-block.acf-block-rmgproductpage .columns .col .image img{display:block;height:auto;width:100%}.acf-custom-block.acf-block-rmgproductpage .columns .col ul{list-style:none;margin:0 0 0 20px;padding:0}.acf-custom-block.acf-block-rmgproductpage .columns .col ul li{padding:5px 0;position:relative}.acf-custom-block.acf-block-rmgproductpage .columns .col ul li:before{background:url(\/wp-content\/themes\/tolomatic\/assets\/dist\/img\/arrow-right.png) no-repeat;background-size:contain;content:\"\";height:16px;left:-19px;position:absolute;top:9px;width:10px}.acf-custom-block.acf-block-rmgproductpage .columns .col ul li a{font-size:1rem;text-decoration:none}.acf-custom-block.acf-block-rmgproductpage .columns .col ul li a:hover{text-decoration:underline}.acf-custom-block.acf-block-rmgproductpage .columns .col ul li ul{list-style-type:style square;margin:4px 0 0 18px}.acf-custom-block.acf-block-rmgproductpage .columns .col ul li ul li:before{background:url(\/wp-content\/themes\/tolomatic\/assets\/dist\/img\/blue-box.png) no-repeat;background-size:contain;height:9px;left:-16px;top:11px;width:9px}@media only screen and (max-width:1180px){.acf-custom-block.acf-block-rmgproductpage .columns .col{padding:30px 30px 350px}.acf-custom-block.acf-block-rmgproductpage .columns .col h2,.acf-custom-block.acf-block-rmgproductpage .columns .col h3{font-size:1.375rem;line-height:1.625rem}}@media only screen and (min-width:768px) and (max-width:860px){.acf-custom-block.acf-block-rmgproductpage .columns{gap:2px}.acf-custom-block.acf-block-rmgproductpage .columns .col{padding:30px 30px 300px}.acf-custom-block.acf-block-rmgproductpage .columns .col h2,.acf-custom-block.acf-block-rmgproductpage .columns .col h3{font-size:1.375rem;line-height:1.625rem}}@media only screen and (max-width:767px){.acf-custom-block.acf-block-rmgproductpage .columns{display:block}.acf-custom-block.acf-block-rmgproductpage .columns .col{margin-top:20px}.acf-custom-block.acf-block-rmgproductpage .columns .col:first-child{margin-top:0}}.acf-custom-block.acf-block-rmgproductpage .bottom-section{color:#fff;padding:80px 150px;position:relative;text-align:center}.acf-custom-block.acf-block-rmgproductpage .bottom-section:before{background-size:cover;content:\"\";height:100%;left:0;position:absolute;top:0;width:100%;z-index:-1}.acf-custom-block.acf-block-rmgproductpage .bottom-section h2{margin-bottom:10px}.acf-custom-block.acf-block-rmgproductpage .bottom-section .icons .icon{display:inline-block;padding:25px 40px}.acf-custom-block.acf-block-rmgproductpage .bottom-section .icons .icon span{display:block;font-size:1.125rem}.acf-custom-block.acf-block-rmgproductpage .bottom-section .icons .icon img{border-radius:10px}.acf-custom-block.acf-block-rmgproductpage .bottom-section .icons .icon a{color:#fff;text-decoration:none}.acf-custom-block.acf-block-rmgproductpage .bottom-section .icons .icon a:hover img{box-shadow:0 0 12px 6px rgba(0,0,0,.3)}@media only screen and (min-width:768px) and (max-width:860px){.acf-custom-block.acf-block-rmgproductpage .bottom-section{padding:80px 70px}}@media only screen and (max-width:1180px){.acf-custom-block.acf-block-rmgproductpage .bottom-section{padding:80px 40px}}<\/style><div class=\"acf-block-rmgproductpage acf-custom-block align-full background-white\" id=\"block_c9e54158ab496f667ebd03ca7f3d9201\">\n\t\t\n\t<div class=\"acf-block-wrap\">\n\t\t<div class=\"columns\">\n\t\t\t<div class=\"col\">\n\t\t\t\t<div class=\"content\">\n\t\t\t\t\t<h2><a href=\"https:\/\/www.tolomatic.com\/de\/produkte\/elektrische-linearantriebe\/\">Elektrische Linearantriebe<\/a><\/h2>\n<p>Elektrische Linearl\u00f6sungen leicht gemacht<\/p>\n<ul>\n<li><a href=\"https:\/\/www.tolomatic.com\/de\/produkte\/elektrische-linearantriebe\/elektromechanische-antriebe-ohne-kolbenstange\/\">Elektromechanische Antriebe ohne Kolbenstange<\/a><\/li>\n<li><a href=\"https:\/\/www.tolomatic.com\/de\/produkte\/elektrische-linearantriebe\/elektrische-kolbenstangenantriebe\/\">Elektrische Kolbenstangenantriebe<\/a><\/li>\n<li><a href=\"\/?tolo-series-categories=servoweld-antriebe\">ServoWeld\u00ae\u00a0Antriebe<\/a><\/li>\n<li><a href=\"https:\/\/www.tolomatic.com\/de\/produkte\/elektrische-linearantriebe\/motoren-und-antriebe\/\">Motoren und Antriebe<\/a><\/li>\n<\/ul>\n\t\t\t\t<\/div>\n\t\t\t\t<div class=\"image\">\n\t\t\t\t\t<img loading=\"lazy\" decoding=\"async\" src=\"https:\/\/www.tolomatic.com\/wp-content\/uploads\/2022\/08\/products-electric-linear.png\" width=\"460\" height=\"412\">\t\t\t\t<\/div>\n\t\t\t<\/div>\n\t\t\t<div class=\"col\">\n\t\t\t\t<div class=\"content\">\n\t\t\t\t\t<h2><a href=\"https:\/\/www.tolomatic.com\/de\/produkte\/pneumatische-linearantriebe\/\">Pneumatische Linearantriebe<\/a><\/h2>\n<p>Breiteste Angebot an pneumatischen Linearantrieben mit maximaler Haltbarkeit<\/p>\n<ul>\n<li><a href=\"https:\/\/www.tolomatic.com\/de\/produkte\/pneumatische-linearantriebe\/kolbenstangelose-pneumatische-antrieb\/\">Kolbenstangelose Pneumatische Antrieb<\/a>\n<ul>\n<li><a href=\"https:\/\/www.tolomatic.com\/de\/produkte\/pneumatische-linearantriebe\/kolbenstangelose-pneumatische-antrieb\/kolbenstangenlose-pneumatische-band-antriebe\/\">Bandloser Pneumatischer Stellantrieb<\/a><\/li>\n<li><a href=\"https:\/\/www.tolomatic.com\/de\/produkte\/pneumatische-linearantriebe\/kolbenstangelose-pneumatische-antrieb\/magnetische-linearantriebe\/\">Magnetische Linearantriebe<\/a><\/li>\n<li><a href=\"https:\/\/www.tolomatic.com\/de\/produkte\/pneumatische-linearantriebe\/kolbenstangelose-pneumatische-antrieb\/kabelzylinderantriebe\/\">Kabelzylinderantriebe<\/a><\/li>\n<\/ul>\n<\/li>\n<li><a href=\"https:\/\/www.tolomatic.com\/de\/produkte\/pneumatische-linearantriebe\/pneumatische-power-block-linearschubduesen\/\">Pneumatische Power-Block -Linearschubd\u00fcsen<\/a><\/li>\n<\/ul>\n\t\t\t\t<\/div>\n\t\t\t\t<div class=\"image\">\n\t\t\t\t\t<img loading=\"lazy\" decoding=\"async\" src=\"https:\/\/www.tolomatic.com\/wp-content\/uploads\/2022\/08\/products-pneumatic-linear.png\" width=\"456\" height=\"389\">\t\t\t\t<\/div>\n\t\t\t<\/div>\n\t\t\t<div class=\"col\">\n\t\t\t\t<div class=\"content\">\n\t\t\t\t\t<h2><a href=\"https:\/\/www.tolomatic.com\/de\/produkte\/kraftubertragung\/\">Kraft\u00fcbertragung<\/a><\/h2>\n<p>Produkte mit \u00fcber 70 Jahren bew\u00e4hrter Qualit\u00e4t<\/p>\n<ul>\n<li><a href=\"https:\/\/www.tolomatic.com\/de\/produkte\/kraftubertragung\/industrielle-felgenbremsen\/\">Industrielle Felgenbremsen<\/a>\n<ul>\n<li><a href=\"https:\/\/www.tolomatic.com\/de\/produkte\/kraftubertragung\/industrielle-felgenbremsen\/pneumatische\/\">Pneumatische<\/a><\/li>\n<li><a href=\"https:\/\/www.tolomatic.com\/de\/produkte\/kraftubertragung\/industrielle-felgenbremsen\/hydraulische\/\">Hydraulische<\/a><\/li>\n<li><a href=\"https:\/\/www.tolomatic.com\/de\/produkte\/kraftubertragung\/industrielle-felgenbremsen\/mechanische\/\">Mechanische<\/a><\/li>\n<li><a href=\"https:\/\/www.tolomatic.com\/de\/produkte\/kraftubertragung\/industrielle-felgenbremsen\/hydraulisch-mechanische\/\">Hydraulisch-Mechanische<\/a><\/li>\n<li><a href=\"https:\/\/www.tolomatic.com\/de\/produkte\/kraftubertragung\/industrielle-felgenbremsen\/federkraft-felgenbremsen\/\">Federkraft-Felgenbremsen<\/a><\/li>\n<\/ul>\n<\/li>\n<li><a href=\"https:\/\/www.tolomatic.com\/de\/produkte\/kraftubertragung\/industrielle-winkelgetriebe\/\">Industrielle Winkelgetriebe<\/a><\/li>\n<\/ul>\n\t\t\t\t<\/div>\n\t\t\t\t<div class=\"image\">\n\t\t\t\t\t<img loading=\"lazy\" decoding=\"async\" src=\"https:\/\/www.tolomatic.com\/wp-content\/uploads\/2022\/08\/products-power-transmission.png\" width=\"458\" height=\"363\">\t\t\t\t<\/div>\n\t\t\t<\/div>\n\t\t\t<div class=\"col\">\n\t\t\t\t<div class=\"content\">\n\t\t\t\t\t\t\t\t\t<\/div>\n\t\t\t\t<div class=\"image\">\n\t\t\t\t\t\t\t\t\t<\/div>\n\t\t\t<\/div>\n\t\t<\/div>\n\t\t<div class=\"bottom-section\">\n\t\t\t<div class=\"intro\"><h2>ZUS\u00c4TZLICHER PRODUKTSUPPORT<\/h2>\n<p>Weitere Informationen zu kundenspezifischen Produktfunktionen, Bestellung und Produktdokumentation finden Sie in den folgenden Bereichen.<\/p>\n<\/div>\n\t\t\t<div class=\"icons\">\n\t\t\t\t\t\t\t<div class=\"icon\">\n\t\t\t\t\t<a href=\"https:\/\/www.tolomatic.com\/de\/infozentrum\/\">\n\t\t\t\t\t<img loading=\"lazy\" decoding=\"async\" src=\"https:\/\/www.tolomatic.com\/wp-content\/uploads\/2022\/08\/support-icon-info-center.jpg\" width=\"99\" height=\"99\">\t\t\t\t\t<span>Infozentrum<\/span>\n\t\t\t\t\t<\/a>\n\t\t\t\t<\/div>\n\t\t\t\t\t\t\t<div class=\"icon\">\n\t\t\t\t\t<a href=\"https:\/\/www.tolomatic.com\/de\/unterstutzung\/handler-finden\/\">\n\t\t\t\t\t<img loading=\"lazy\" decoding=\"async\" src=\"https:\/\/www.tolomatic.com\/wp-content\/uploads\/2022\/08\/support-icon-request-quote.jpg\" width=\"99\" height=\"99\">\t\t\t\t\t<span>H\u00e4ndler finden<\/span>\n\t\t\t\t\t<\/a>\n\t\t\t\t<\/div>\n\t\t\t\t\t\t\t<div class=\"icon\">\n\t\t\t\t\t<a href=\"https:\/\/www.tolomatic.com\/de\/unterstutzung\/bestimmung\/\">\n\t\t\t\t\t<img loading=\"lazy\" decoding=\"async\" src=\"https:\/\/www.tolomatic.com\/wp-content\/uploads\/2022\/08\/support-icon-how-order.jpg\" width=\"99\" height=\"99\">\t\t\t\t\t<span>Bestimmung<\/span>\n\t\t\t\t\t<\/a>\n\t\t\t\t<\/div>\n\t\t\t\t\t\t\t<div class=\"icon\">\n\t\t\t\t\t<a href=\"http:\/\/sizeit.tolomatic.com\/\">\n\t\t\t\t\t<img loading=\"lazy\" decoding=\"async\" src=\"https:\/\/www.tolomatic.com\/wp-content\/uploads\/2022\/08\/support-icon-info-center.jpg\" width=\"99\" height=\"99\">\t\t\t\t\t<span>Sizing Software<\/span>\n\t\t\t\t\t<\/a>\n\t\t\t\t<\/div>\n\t\t\t\t\t\t<\/div>\n\t\t<\/div>\n\t<\/div>\n\t\t<style>\n\t\t\t\t.bottom-section:before {background-image: url(https:\/\/www.tolomatic.com\/wp-content\/uploads\/2022\/08\/product-support-bg.jpg);}\n\t<\/style>\n<\/div>","protected":false},"excerpt":{"rendered":"","protected":false},"author":1,"featured_media":0,"parent":0,"menu_order":0,"comment_status":"closed","ping_status":"closed","template":"templates\/primary.php","meta":{"_acf_changed":false,"footnotes":""},"class_list":["post-19761","page","type-page","status-publish","hentry"],"acf":[],"yoast_head":"<!-- This site is optimized with the Yoast SEO plugin v27.3 - https:\/\/yoast.com\/product\/yoast-seo-wordpress\/ -->\n<title>Linear Motion Control &amp; Power Transmission Products<\/title>\n<meta name=\"description\" content=\"Tolomatic manufactures electric linear motion control products including actuators, motors and controls, pneumatic actuators and power transmission products, including gearboxes.\" \/>\n<meta name=\"robots\" content=\"index, follow, max-snippet:-1, max-image-preview:large, max-video-preview:-1\" \/>\n<meta property=\"og:locale\" content=\"de_DE\" \/>\n<meta property=\"og:type\" content=\"article\" \/>\n<meta property=\"og:title\" content=\"Linear Motion Control &amp; Power Transmission Products\" \/>\n<meta property=\"og:description\" content=\"Tolomatic manufactures electric linear motion control products including actuators, motors and controls, pneumatic actuators and power transmission products, including gearboxes.\" \/>\n<meta property=\"og:url\" content=\"https:\/\/www.tolomatic.com\/de\/produkte\/\" \/>\n<meta property=\"og:site_name\" content=\"Tolomatic\" \/>\n<meta property=\"article:publisher\" content=\"https:\/\/www.facebook.com\/Tolomatic\/\" \/>\n<meta property=\"article:modified_time\" content=\"2026-02-02T16:39:37+00:00\" \/>\n<meta property=\"og:image\" content=\"https:\/\/www.tolomatic.com\/wp-content\/uploads\/2022\/09\/tolo-logo-social.jpg\" \/>\n\t<meta property=\"og:image:width\" content=\"280\" \/>\n\t<meta property=\"og:image:height\" content=\"200\" \/>\n\t<meta property=\"og:image:type\" content=\"image\/jpeg\" \/>\n<meta name=\"twitter:card\" content=\"summary_large_image\" \/>\n<meta name=\"twitter:site\" content=\"@Tolomatic\" \/>\n<meta name=\"twitter:label1\" content=\"Gesch\u00e4tzte Lesezeit\" \/>\n\t<meta name=\"twitter:data1\" content=\"2\u00a0Minuten\" \/>\n<script type=\"application\/ld+json\" class=\"yoast-schema-graph\">{\"@context\":\"https:\\\/\\\/schema.org\",\"@graph\":[{\"@type\":\"WebPage\",\"@id\":\"https:\\\/\\\/www.tolomatic.com\\\/de\\\/produkte\\\/\",\"url\":\"https:\\\/\\\/www.tolomatic.com\\\/de\\\/produkte\\\/\",\"name\":\"Linear Motion Control & Power Transmission Products\",\"isPartOf\":{\"@id\":\"https:\\\/\\\/www.tolomatic.com\\\/de\\\/#website\"},\"datePublished\":\"2022-04-02T05:34:28+00:00\",\"dateModified\":\"2026-02-02T16:39:37+00:00\",\"description\":\"Tolomatic manufactures electric linear motion control products including actuators, motors and controls, pneumatic actuators and power transmission products, including gearboxes.\",\"breadcrumb\":{\"@id\":\"https:\\\/\\\/www.tolomatic.com\\\/de\\\/produkte\\\/#breadcrumb\"},\"inLanguage\":\"de\",\"potentialAction\":[{\"@type\":\"ReadAction\",\"target\":[\"https:\\\/\\\/www.tolomatic.com\\\/de\\\/produkte\\\/\"]}]},{\"@type\":\"BreadcrumbList\",\"@id\":\"https:\\\/\\\/www.tolomatic.com\\\/de\\\/produkte\\\/#breadcrumb\",\"itemListElement\":[{\"@type\":\"ListItem\",\"position\":1,\"name\":\"Home\",\"item\":\"https:\\\/\\\/www.tolomatic.com\\\/de\\\/\"},{\"@type\":\"ListItem\",\"position\":2,\"name\":\"Produkte\"}]},{\"@type\":\"WebSite\",\"@id\":\"https:\\\/\\\/www.tolomatic.com\\\/de\\\/#website\",\"url\":\"https:\\\/\\\/www.tolomatic.com\\\/de\\\/\",\"name\":\"Tolomatic\",\"description\":\"Excellence in motion\",\"publisher\":{\"@id\":\"https:\\\/\\\/www.tolomatic.com\\\/de\\\/#organization\"},\"potentialAction\":[{\"@type\":\"SearchAction\",\"target\":{\"@type\":\"EntryPoint\",\"urlTemplate\":\"https:\\\/\\\/www.tolomatic.com\\\/de\\\/?s={search_term_string}\"},\"query-input\":{\"@type\":\"PropertyValueSpecification\",\"valueRequired\":true,\"valueName\":\"search_term_string\"}}],\"inLanguage\":\"de\"},{\"@type\":\"Organization\",\"@id\":\"https:\\\/\\\/www.tolomatic.com\\\/de\\\/#organization\",\"name\":\"Tolomatic, Inc.\",\"url\":\"https:\\\/\\\/www.tolomatic.com\\\/de\\\/\",\"logo\":{\"@type\":\"ImageObject\",\"inLanguage\":\"de\",\"@id\":\"https:\\\/\\\/www.tolomatic.com\\\/de\\\/#\\\/schema\\\/logo\\\/image\\\/\",\"url\":\"https:\\\/\\\/www.tolomatic.com\\\/wp-content\\\/uploads\\\/2022\\\/04\\\/tolomatic-logo.png\",\"contentUrl\":\"https:\\\/\\\/www.tolomatic.com\\\/wp-content\\\/uploads\\\/2022\\\/04\\\/tolomatic-logo.png\",\"width\":260,\"height\":58,\"caption\":\"Tolomatic, Inc.\"},\"image\":{\"@id\":\"https:\\\/\\\/www.tolomatic.com\\\/de\\\/#\\\/schema\\\/logo\\\/image\\\/\"},\"sameAs\":[\"https:\\\/\\\/www.facebook.com\\\/Tolomatic\\\/\",\"https:\\\/\\\/x.com\\\/Tolomatic\"]}]}<\/script>\n<!-- \/ Yoast SEO plugin. -->","yoast_head_json":{"title":"Linear Motion Control & Power Transmission Products","description":"Tolomatic manufactures electric linear motion control products including actuators, motors and controls, pneumatic actuators and power transmission products, including gearboxes.","robots":{"index":"index","follow":"follow","max-snippet":"max-snippet:-1","max-image-preview":"max-image-preview:large","max-video-preview":"max-video-preview:-1"},"og_locale":"de_DE","og_type":"article","og_title":"Linear Motion Control & Power Transmission Products","og_description":"Tolomatic manufactures electric linear motion control products including actuators, motors and controls, pneumatic actuators and power transmission products, including gearboxes.","og_url":"https:\/\/www.tolomatic.com\/de\/produkte\/","og_site_name":"Tolomatic","article_publisher":"https:\/\/www.facebook.com\/Tolomatic\/","article_modified_time":"2026-02-02T16:39:37+00:00","og_image":[{"width":280,"height":200,"url":"https:\/\/www.tolomatic.com\/wp-content\/uploads\/2022\/09\/tolo-logo-social.jpg","type":"image\/jpeg"}],"twitter_card":"summary_large_image","twitter_site":"@Tolomatic","twitter_misc":{"Gesch\u00e4tzte Lesezeit":"2\u00a0Minuten"},"schema":{"@context":"https:\/\/schema.org","@graph":[{"@type":"WebPage","@id":"https:\/\/www.tolomatic.com\/de\/produkte\/","url":"https:\/\/www.tolomatic.com\/de\/produkte\/","name":"Linear Motion Control & Power Transmission Products","isPartOf":{"@id":"https:\/\/www.tolomatic.com\/de\/#website"},"datePublished":"2022-04-02T05:34:28+00:00","dateModified":"2026-02-02T16:39:37+00:00","description":"Tolomatic manufactures electric linear motion control products including actuators, motors and controls, pneumatic actuators and power transmission products, including gearboxes.","breadcrumb":{"@id":"https:\/\/www.tolomatic.com\/de\/produkte\/#breadcrumb"},"inLanguage":"de","potentialAction":[{"@type":"ReadAction","target":["https:\/\/www.tolomatic.com\/de\/produkte\/"]}]},{"@type":"BreadcrumbList","@id":"https:\/\/www.tolomatic.com\/de\/produkte\/#breadcrumb","itemListElement":[{"@type":"ListItem","position":1,"name":"Home","item":"https:\/\/www.tolomatic.com\/de\/"},{"@type":"ListItem","position":2,"name":"Produkte"}]},{"@type":"WebSite","@id":"https:\/\/www.tolomatic.com\/de\/#website","url":"https:\/\/www.tolomatic.com\/de\/","name":"Tolomatic","description":"Excellence in motion","publisher":{"@id":"https:\/\/www.tolomatic.com\/de\/#organization"},"potentialAction":[{"@type":"SearchAction","target":{"@type":"EntryPoint","urlTemplate":"https:\/\/www.tolomatic.com\/de\/?s={search_term_string}"},"query-input":{"@type":"PropertyValueSpecification","valueRequired":true,"valueName":"search_term_string"}}],"inLanguage":"de"},{"@type":"Organization","@id":"https:\/\/www.tolomatic.com\/de\/#organization","name":"Tolomatic, Inc.","url":"https:\/\/www.tolomatic.com\/de\/","logo":{"@type":"ImageObject","inLanguage":"de","@id":"https:\/\/www.tolomatic.com\/de\/#\/schema\/logo\/image\/","url":"https:\/\/www.tolomatic.com\/wp-content\/uploads\/2022\/04\/tolomatic-logo.png","contentUrl":"https:\/\/www.tolomatic.com\/wp-content\/uploads\/2022\/04\/tolomatic-logo.png","width":260,"height":58,"caption":"Tolomatic, Inc."},"image":{"@id":"https:\/\/www.tolomatic.com\/de\/#\/schema\/logo\/image\/"},"sameAs":["https:\/\/www.facebook.com\/Tolomatic\/","https:\/\/x.com\/Tolomatic"]}]}},"_links":{"self":[{"href":"https:\/\/www.tolomatic.com\/de\/wp-json\/wp\/v2\/pages\/19761","targetHints":{"allow":["GET"]}}],"collection":[{"href":"https:\/\/www.tolomatic.com\/de\/wp-json\/wp\/v2\/pages"}],"about":[{"href":"https:\/\/www.tolomatic.com\/de\/wp-json\/wp\/v2\/types\/page"}],"author":[{"embeddable":true,"href":"https:\/\/www.tolomatic.com\/de\/wp-json\/wp\/v2\/users\/1"}],"replies":[{"embeddable":true,"href":"https:\/\/www.tolomatic.com\/de\/wp-json\/wp\/v2\/comments?post=19761"}],"version-history":[{"count":2,"href":"https:\/\/www.tolomatic.com\/de\/wp-json\/wp\/v2\/pages\/19761\/revisions"}],"predecessor-version":[{"id":35713,"href":"https:\/\/www.tolomatic.com\/de\/wp-json\/wp\/v2\/pages\/19761\/revisions\/35713"}],"wp:attachment":[{"href":"https:\/\/www.tolomatic.com\/de\/wp-json\/wp\/v2\/media?parent=19761"}],"curies":[{"name":"wp","href":"https:\/\/api.w.org\/{rel}","templated":true}]}}