{"id":19655,"date":"2022-04-08T01:05:00","date_gmt":"2022-04-08T01:05:00","guid":{"rendered":"https:\/\/www.tolomatic.com\/unterstutzung\/conversions\/"},"modified":"2023-07-10T14:21:26","modified_gmt":"2023-07-10T14:21:26","slug":"umrechnungen","status":"publish","type":"page","link":"https:\/\/www.tolomatic.com\/de\/unterstutzung\/umrechnungen\/","title":{"rendered":"Umrechnungen"},"content":{"rendered":"<style>.acf-custom-block.acf-block-rmgintrobanner{padding:60px 0;position:relative}@media only screen and (max-width:1180px){.acf-custom-block.acf-block-rmgintrobanner{padding:50px 0}}.acf-custom-block.acf-block-rmgintrobanner .content{max-width:750px;padding:20px 0 20px 150px}@media only screen and (max-width:1180px){.acf-custom-block.acf-block-rmgintrobanner .content{padding:0}}.acf-custom-block.acf-block-rmgintrobanner .content h1{color:#84cef3;margin-top:0;text-shadow:0 0 20px rgba(0,0,0,.3)}.acf-custom-block.acf-block-rmgintrobanner .content p{font-size:1.25rem}.acf-custom-block.acf-block-rmgintrobanner .content a.btn{margin-top:15px}.acf-custom-block.acf-block-rmgintrobanner.text-dark .content h1,.acf-custom-block.acf-block-rmgintrobanner.text-dark .content p{color:#2c3038}.acf-custom-block.acf-block-rmgintrobanner.text-light .content h1,.acf-custom-block.acf-block-rmgintrobanner.text-light .content p{color:#fff}.acf-custom-block.acf-block-rmgintrobanner.intro-align-center .content{margin:0 auto;padding:20px 100px;text-align:center}@media only screen and (max-width:1180px){.acf-custom-block.acf-block-rmgintrobanner.intro-align-center .content{padding:0}}.acf-custom-block.acf-block-rmgintrobanner.has-nav .content{padding-bottom:50px}@media only screen and (max-width:1180px){.acf-custom-block.acf-block-rmgintrobanner.has-nav .content{padding-bottom:0}}.acf-custom-block.acf-block-rmgintrobanner.bg-image:before{background-position:top}.acf-custom-block.acf-block-rmgintrobanner.background-bg-blue .content h1,.acf-custom-block.acf-block-rmgintrobanner.background-bg-blue .content p{color:#fff}.acf-custom-block.acf-block-rmgintrobanner.background-bg-light-blue .content h1,.acf-custom-block.acf-block-rmgintrobanner.background-bg-light-blue .content p{color:#2c3038}.acf-custom-block.acf-block-rmgintrobanner.intro-wide .content{max-width:100%}.acf-custom-block.acf-block-rmgintrobanner.block-below-none{padding-bottom:0}.intro-banner{margin:0 auto;max-width:1600px;position:relative}.intro-banner .secondary-nav{bottom:0;left:0;position:absolute;text-align:center;width:100%}.intro-banner .secondary-nav .acf-block-wrap{max-width:1600px;padding:0}.intro-banner .secondary-nav ul{display:inline-block;list-style:none;margin:0;padding:0;width:100%}.intro-banner .secondary-nav ul li{display:inline-block;vertical-align:bottom}.intro-banner .secondary-nav ul li a{background-color:hsla(0,0%,100%,.75);color:#0072a7;display:block;font-size:1.1rem;font-weight:700;margin:0 1px;padding:20px 40px;text-decoration:none}.intro-banner .secondary-nav ul li.active a{background-color:#fff;padding:21px 40px}@media only screen and (max-width:1180px){.intro-banner .secondary-nav{position:relative}.intro-banner .secondary-nav ul li{display:block;width:100%}.intro-banner .secondary-nav ul li a{border-bottom:1px solid #888;font-size:1.1rem;padding:15px}}@media only screen and (max-width:767px){.intro-banner .secondary-nav{position:relative}.intro-banner .secondary-nav ul li{display:block;width:100%}.intro-banner .secondary-nav ul li a{border-bottom:1px solid #888;font-size:1.1rem;padding:15px}}body.lang-de .intro-banner .secondary-nav ul li a{font-size:1rem;padding:20px}@media only screen and (max-width:1220px){body.lang-de .intro-banner .secondary-nav ul li a{font-size:.875rem;padding:14px 20px}body.lang-de .intro-banner .secondary-nav ul li.active a{padding:16px 20px}}<\/style>\t<div class=\"banner-breadcrumbs\"><ul class=\"breadcrumbs\"><li><a href=\"https:\/\/www.tolomatic.com\/de\/\">Home<\/a><\/li><li><a href=\"https:\/\/www.tolomatic.com\/de\/unterstutzung\/\">Unterst\u00fctzung<\/a><\/li><li>Umrechnungen<\/li><\/ul><\/div>\n<div class=\"intro-banner\">\n\t<div class=\"acf-block-rmgintrobanner acf-custom-block align-full bg-image background-white text-light intro-align-left darken-background-0 block-below-normal intro-wide\" id=\"block_0cf12bd4daf503e13e782f095f04255f\">\n\t\t\t\t<div class=\"acf-block-wrap\">\n\t\t\t<div class=\"content\">\n\t\t\t\t<h1>Einheiten-Umrechnungstabellen<\/h1>\t\t\t\t<p>Verwenden Sie die folgenden Tabellen als Referenz f\u00fcr die Umrechnung von Einheiten. Sie k\u00f6nnen auch unseren Einheitenumrechner herunterladen. Dieses einfach zu bedienende Umrechnungsprogramm konvertiert die g\u00e4ngigsten Einheiten und bietet die M\u00f6glichkeit, benutzerdefinierte Umrechnungen zu erstellen.<\/p>\n\t\t\t<\/div>\t\t<\/div>\n\t\t\t\t\t\t\t<style>#block_0cf12bd4daf503e13e782f095f04255f:before {background-image: url(https:\/\/www.tolomatic.com\/wp-content\/uploads\/2022\/04\/headerbanner-conv-cvr-engres-1600x580px-1024x371.jpg);}<\/style>\n\t\t\t<\/div>\n\t<\/div>\n\n<style>.acf-custom-block.acf-block-rmgwysiwyg img{display:block;max-width:100%}.acf-custom-block.acf-block-rmgwysiwyg:first-of-type{padding-top:60px}.acf-custom-block.acf-block-rmgwysiwyg:last-of-type{padding-bottom:60px}.acf-custom-block.acf-block-rmgwysiwyg.vertical-align-middle .columns{align-items:center}.acf-custom-block.acf-block-rmgwysiwyg .intro{margin-bottom:40px}.acf-custom-block.acf-block-rmgwysiwyg .intro.width-wide{margin:0 auto 40px;max-width:900px}.acf-custom-block.acf-block-rmgwysiwyg .intro.width-narrow{margin:0 auto 40px;max-width:700px}@media only screen and (min-width:768px){.acf-custom-block.acf-block-rmgwysiwyg .columns{display:flex;flex:auto;margin:0 -24px}.acf-custom-block.acf-block-rmgwysiwyg .column{flex:1;margin:0 24px}.acf-custom-block.acf-block-rmgwysiwyg.columns-2.column-size-large-left .column:first-child{flex:2;padding-right:50px}.acf-custom-block.acf-block-rmgwysiwyg.columns-2.column-size-large-right .column:first-child{padding-right:50px}.acf-custom-block.acf-block-rmgwysiwyg.columns-2.column-size-large-right .column:last-child{flex:2}}@media only screen and (max-width:767px){.acf-custom-block.acf-block-rmgwysiwyg .intro{padding:0 20px}.acf-custom-block.acf-block-rmgwysiwyg .acf-block-wrap{max-width:550px;width:100%}.acf-custom-block.acf-block-rmgwysiwyg .columns{flex-direction:column;margin:0;padding:0}.acf-custom-block.acf-block-rmgwysiwyg .column{margin-bottom:50px}}@media only screen and (max-width:480px){.acf-custom-block.acf-block-rmgwysiwyg .acf-block-wrap{width:100%}.acf-custom-block.acf-block-rmgwysiwyg .column{margin-bottom:40px}}<\/style><div class=\"acf-block-rmgwysiwyg acf-custom-block align-default columns-2 vertical-align-top bg-none background-white text-light column-size-equal intro-align-center intro-padding-normal block-below-normal\" id=\"block_441e0be0563469024e278dd1dcf67554\">\n\t\t<div class=\"acf-block-wrap\">\n\t\t\t\t<div class=\"intro\">\n\t\t\t\t\t\t<p><a class=\"btn\" title=\"Download the Tolomatic Conversion Tool\" href=\"https:\/\/www.tolomatic.com\/de\/infozentrum\/resource-details\/tolomatic-software-zur-umrechung-von-einheiten\/\">Laden Sie das Umrechungs-Tool von Tolomatic herunter<\/a><br \/>\n(PC-kompatibel)<\/p>\n\t\t <\/div> \t\t\t\t<div class=\"columns\">\n\t\t\t<div class=\"column\">\n\t\t\t\t<h3>Torque Conversions<\/h3>\n<table border=\"1\" frame=\"box\" rules=\"all\" cellspacing=\"2\" cellpadding=\"2\" class=\"centered\">\n<thead>\n<tr>\n<th><strong>Present Units:<\/strong><\/th>\n<th><strong>Convert To:<\/strong><\/th>\n<th><strong>Multiply By:<\/strong><\/th>\n<\/tr>\n<\/thead>\n<tbody>\n<tr>\n<td>Gram-centimeters<\/td>\n<td>Newton-meters<\/td>\n<td>0.0000981<\/td>\n<\/tr>\n<tr>\n<td>Gram-centimeters<\/td>\n<td>ounce-inches<\/td>\n<td>0.0138874<\/td>\n<\/tr>\n<tr>\n<td>Gram-centimeters<\/td>\n<td>pound-inches<\/td>\n<td>0.000868<\/td>\n<\/tr>\n<tr>\n<td>Gram-centimeters<\/td>\n<td>pound-feet<\/td>\n<td>0.00000723<\/td>\n<\/tr>\n<tr>\n<td>Newton-meters<\/td>\n<td>gram-centimeters<\/td>\n<td>10,197.162<\/td>\n<\/tr>\n<tr>\n<td>Newton-meters<\/td>\n<td>ounce-inches<\/td>\n<td>141.612<\/td>\n<\/tr>\n<tr>\n<td>Newton-meters<\/td>\n<td>pound-inches<\/td>\n<td>8.85<\/td>\n<\/tr>\n<tr>\n<td>Newton-meters<\/td>\n<td>pound-feet<\/td>\n<td>0.73756<\/td>\n<\/tr>\n<tr>\n<td>Ounce-inches<\/td>\n<td>gram-centimeters<\/td>\n<td>72.0077<\/td>\n<\/tr>\n<tr>\n<td>Ounce-inches<\/td>\n<td>Newton-meters<\/td>\n<td>0.007062<\/td>\n<\/tr>\n<tr>\n<td>Ounce-inches<\/td>\n<td>pound-inches<\/td>\n<td>0.0625<\/td>\n<\/tr>\n<tr>\n<td>Ounce-inches<\/td>\n<td>pound-feet<\/td>\n<td>0.005208<\/td>\n<\/tr>\n<tr>\n<td>Pound-inches<\/td>\n<td>gram-centimeters<\/td>\n<td>1,152.0<\/td>\n<\/tr>\n<tr>\n<td>Pound-inches<\/td>\n<td>Newton-meters<\/td>\n<td>0.11299<\/td>\n<\/tr>\n<tr>\n<td>Pound-inches<\/td>\n<td>ounce-inches<\/td>\n<td>16.0<\/td>\n<\/tr>\n<tr>\n<td>Pound-inches<\/td>\n<td>pound-feet<\/td>\n<td>\n<p style=\"word-spacing: normal;\">0.08333<\/p>\n<\/td>\n<\/tr>\n<tr>\n<td>Pound-feet<\/td>\n<td>gram-centimeters<\/td>\n<td>13,825.5<\/td>\n<\/tr>\n<tr>\n<td>Pound-feet<\/td>\n<td>Newton-meters<\/td>\n<td>1.3558<\/td>\n<\/tr>\n<tr>\n<td>Pound-feet<\/td>\n<td>ounce-inches<\/td>\n<td>192.0<\/td>\n<\/tr>\n<tr>\n<td>Pound-feet<\/td>\n<td>pound-inches<\/td>\n<td>12.0<\/td>\n<\/tr>\n<\/tbody>\n<\/table>\n\t\t\t<\/div>\n\t\t\t\t\t\t\t<div class=\"column\">\n\t\t\t\t\t<h3>Distance Conversions<\/h3>\n<table border=\"1\" frame=\"box\" rules=\"all\" cellspacing=\"2\" cellpadding=\"2\" class=\"centered\">\n<thead>\n<tr>\n<th><strong>Present Units:<\/strong><\/th>\n<th><strong>Convert To:<\/strong><\/th>\n<th><strong>Multiply By:<\/strong><\/th>\n<\/tr>\n<\/thead>\n<tbody>\n<tr>\n<td>Arc-minutes<\/td>\n<td>degrees<\/td>\n<td>0.016666<\/td>\n<\/tr>\n<tr>\n<td>Arc-seconds<\/td>\n<td>degrees<\/td>\n<td>0.000277<\/td>\n<\/tr>\n<tr>\n<td>Centimeters<\/td>\n<td>inches<\/td>\n<td>0.3937<\/td>\n<\/tr>\n<tr>\n<td>Centimeters<\/td>\n<td>feet<\/td>\n<td>0.03280<\/td>\n<\/tr>\n<tr>\n<td>Centimeters<\/td>\n<td>microns<\/td>\n<td>10,000.0<\/td>\n<\/tr>\n<tr>\n<td>Centimeters<\/td>\n<td>millimeters<\/td>\n<td>10.0<\/td>\n<\/tr>\n<tr>\n<td>Degrees<\/td>\n<td>arc-minutes<\/td>\n<td>60.0<\/td>\n<\/tr>\n<tr>\n<td>Degrees<\/td>\n<td>arc-seconds<\/td>\n<td>3,600.0<\/td>\n<\/tr>\n<tr>\n<td>Degrees<\/td>\n<td>radians<\/td>\n<td>0.017453<\/td>\n<\/tr>\n<tr>\n<td>Feet<\/td>\n<td>centimeters<\/td>\n<td>30.48<\/td>\n<\/tr>\n<tr>\n<td>Feet<\/td>\n<td>meters<\/td>\n<td>0.3048<\/td>\n<\/tr>\n<tr>\n<td>Inches<\/td>\n<td>centimeters<\/td>\n<td>2.54<\/td>\n<\/tr>\n<tr>\n<td>Inches<\/td>\n<td>meters<\/td>\n<td>0.0254<\/td>\n<\/tr>\n<tr>\n<td>Inches<\/td>\n<td>microns<\/td>\n<td>25,400.0<\/td>\n<\/tr>\n<tr>\n<td>Inches<\/td>\n<td>millimeters<\/td>\n<td>25.4<\/td>\n<\/tr>\n<tr>\n<td>Meters<\/td>\n<td>feet<\/td>\n<td>3.2808<\/td>\n<\/tr>\n<tr>\n<td>Meters<\/td>\n<td>inches<\/td>\n<td>39.37<\/td>\n<\/tr>\n<tr>\n<td>Meters<\/td>\n<td>microns<\/td>\n<td>1,000,000.0<\/td>\n<\/tr>\n<tr>\n<td>Microns<\/td>\n<td>centimeters<\/td>\n<td>0.0001<\/td>\n<\/tr>\n<tr>\n<td>Microns<\/td>\n<td>inches<\/td>\n<td>0.00003937<\/td>\n<\/tr>\n<tr>\n<td>Microns<\/td>\n<td>meters<\/td>\n<td>0.000001<\/td>\n<\/tr>\n<tr>\n<td>Microns<\/td>\n<td>millimeters<\/td>\n<td>0.001<\/td>\n<\/tr>\n<tr>\n<td>Millimeters<\/td>\n<td>centimeters<\/td>\n<td>0.1<\/td>\n<\/tr>\n<tr>\n<td>Millimeters<\/td>\n<td>inches<\/td>\n<td>0.03937<\/td>\n<\/tr>\n<tr>\n<td>Millimeters<\/td>\n<td>microns<\/td>\n<td>1,000.0<\/td>\n<\/tr>\n<tr>\n<td>Radians<\/td>\n<td>degrees<\/td>\n<td>57.295779<\/td>\n<\/tr>\n<\/tbody>\n<\/table>\n\t\t\t\t<\/div>\n\t\t\t\t\t\t\t\t<\/div>\n\t\t\t<\/div>\n\t\t<\/div>\n\n\n<div class=\"acf-block-rmgwysiwyg acf-custom-block align-default columns-2 vertical-align-top bg-none background-white text-light column-size-equal intro-align-left intro-padding-normal block-below-normal\" id=\"block_6c6dda35bd2622a4cf6423f985869c40\">\n\t\t<div class=\"acf-block-wrap\">\n\t\t\t\t\t\t\t\t<div class=\"columns\">\n\t\t\t<div class=\"column\">\n\t\t\t\t<h3>Inertia Conversions<\/h3>\n<table style=\"width: 100%;\" border=\"1\" frame=\"box\" rules=\"all\" cellspacing=\"2\" cellpadding=\"2\">\n<thead>\n<tr>\n<th><strong>Present Units:<\/strong><\/th>\n<th><strong>Convert To:<\/strong><\/th>\n<th><strong>Multiply By:<\/strong><\/th>\n<\/tr>\n<\/thead>\n<tbody>\n<tr>\n<td>Gram-centimeters<sup>2<\/sup><\/td>\n<td>ounce-inches<sup>2<\/sup><\/td>\n<td>0.00546745<\/td>\n<\/tr>\n<tr>\n<td>Gram-centimeters<sup>2<\/sup><\/td>\n<td>ounce-inch-sec<sup>2<\/sup><\/td>\n<td>0.000014161<\/td>\n<\/tr>\n<tr>\n<td>Gram-centimeters<sup>2<\/sup><\/td>\n<td>pound-inches<sup>2<\/sup><\/td>\n<td>0.000341716<\/td>\n<\/tr>\n<tr>\n<td>Gram-centimeters<sup>2<\/sup><\/td>\n<td>pound-inch-sec<sup>2<\/sup><\/td>\n<td>0.000000885<\/td>\n<\/tr>\n<tr>\n<td>Gram-centimeters<sup>2<\/sup><\/td>\n<td>pound-feet-sec<sup>2<\/sup><\/td>\n<td>0.000000074<\/td>\n<\/tr>\n<tr>\n<td>Ounce-inches<sup>2<\/sup><\/td>\n<td>gram-centimeters<sup>2<\/sup><\/td>\n<td>182.901<\/td>\n<\/tr>\n<tr>\n<td>Ounce-inches<sup>2<\/sup><\/td>\n<td>ounce-inch-sec<sup>2<\/sup><\/td>\n<td>0.00259008<\/td>\n<\/tr>\n<tr>\n<td>Ounce-inches<sup>2<\/sup><\/td>\n<td>pound-inches<sup>2<\/sup><\/td>\n<td>0.0625<\/td>\n<\/tr>\n<tr>\n<td>Ounce-inches<sup>2<\/sup><\/td>\n<td>pound-inch-sec<sup>2<\/sup><\/td>\n<td>0.00016188<\/td>\n<\/tr>\n<tr>\n<td>Ounce-inches<sup>2<\/sup><\/td>\n<td>pound-feet-sec<sup>2<\/sup><\/td>\n<td>0.00001349<\/td>\n<\/tr>\n<tr>\n<td>Ounce-inch-sec<sup>2<\/sup><\/td>\n<td>gram-centimeters<sup>2<\/sup><\/td>\n<td>70,615.4<\/td>\n<\/tr>\n<tr>\n<td>Ounce-inch-sec<sup>2<\/sup><\/td>\n<td>ounce-inches<sup>2<\/sup><\/td>\n<td>386.0<\/td>\n<\/tr>\n<tr>\n<td>Ounce-inch-sec<sup>2<\/sup><\/td>\n<td>pound-inches<sup>2<\/sup><\/td>\n<td>24.13045<\/td>\n<\/tr>\n<tr>\n<td>Ounce-inch-sec<sup>2<\/sup><\/td>\n<td>pound-inch-sec<sup>2<\/sup><\/td>\n<td>0.0625<\/td>\n<\/tr>\n<tr>\n<td>Ounce-inch-sec<sup>2<\/sup><\/td>\n<td>pound-feet-sec<sup>2<\/sup><\/td>\n<td>0.00520833<\/td>\n<\/tr>\n<tr>\n<td>Pound-inches<sup>2<\/sup><\/td>\n<td>gram-centimeters<sup>2<\/sup><\/td>\n<td>2,926.41<\/td>\n<\/tr>\n<tr>\n<td>Pound-inches<sup>2<\/sup><\/td>\n<td>ounce-inches<sup>2<\/sup><\/td>\n<td>16.0<\/td>\n<\/tr>\n<tr>\n<td>Pound-inches<sup>2<\/sup><\/td>\n<td>ounce-inch-sec<sup>2<\/sup><\/td>\n<td>0.0414413<\/td>\n<\/tr>\n<tr>\n<td>Pound-inches<sup>2<\/sup><\/td>\n<td>pound-inch-sec<sup>2<\/sup><\/td>\n<td>0.00259008<\/td>\n<\/tr>\n<tr>\n<td>Pound-inches<sup>2<\/sup><\/td>\n<td>pound-feet-sec<sup>2<\/sup><\/td>\n<td>0.00021584<\/td>\n<\/tr>\n<tr>\n<td>Pound-inch-sec<sup>2<\/sup><\/td>\n<td>gram-centimeters<sup>2<\/sup><\/td>\n<td>1,129,850.0<\/td>\n<\/tr>\n<tr>\n<td>Pound-inch-sec<sup>2<\/sup><\/td>\n<td>ounce-inches<sup>2<\/sup><\/td>\n<td>6,177.4<\/td>\n<\/tr>\n<tr>\n<td>Pound-inch-sec<sup>2<\/sup><\/td>\n<td>ounce-inch-sec<sup>2<\/sup><\/td>\n<td>16.0<\/td>\n<\/tr>\n<tr>\n<td>Pound-inch-sec<sup>2<\/sup><\/td>\n<td>pound-inches<sup>2<\/sup><\/td>\n<td>386.0<\/td>\n<\/tr>\n<tr>\n<td>Pound-inch-sec<sup>2<\/sup><\/td>\n<td>pound-feet-sec<sup>2<\/sup><\/td>\n<td>0.0833333<\/td>\n<\/tr>\n<tr>\n<td>Pound-feet-sec<sup>2<\/sup><\/td>\n<td>gram-centimeters<sup>2<\/sup><\/td>\n<td>13,558,200.0<\/td>\n<\/tr>\n<tr>\n<td>Pound-feet-sec<sup>2<\/sup><\/td>\n<td>ounce-inches<sup>2<\/sup><\/td>\n<td>74,128.9<\/td>\n<\/tr>\n<tr>\n<td>Pound-feet-sec<sup>2<\/sup><\/td>\n<td>ounce-inch-sec<sup>2<\/sup><\/td>\n<td>192.0<\/td>\n<\/tr>\n<tr>\n<td>Pound-feet-sec<sup>2<\/sup><\/td>\n<td>pound-inches<sup>2<\/sup><\/td>\n<td>4,633.06<\/td>\n<\/tr>\n<tr>\n<td>Pound-feet-sec<sup>2<\/sup><\/td>\n<td>pound-inch-sec<sup>2<\/sup><\/td>\n<td>12.0<\/td>\n<\/tr>\n<\/tbody>\n<\/table>\n\t\t\t<\/div>\n\t\t\t\t\t\t\t<div class=\"column\">\n\t\t\t\t\t<h3>Load Conversions<\/h3>\n<table style=\"width: 100%;\" border=\"1\" frame=\"box\" rules=\"all\" cellspacing=\"2\" cellpadding=\"2\">\n<thead>\n<tr>\n<th><strong>Present Units:<\/strong><\/th>\n<th><strong>Convert To:<\/strong><\/th>\n<th><strong>Multiply By:<\/strong><\/th>\n<\/tr>\n<\/thead>\n<tbody>\n<tr>\n<td>Grams<\/td>\n<td>Newtons<\/td>\n<td>0.009806<\/td>\n<\/tr>\n<tr>\n<td>Grams<\/td>\n<td>ounces<\/td>\n<td>0.03528<\/td>\n<\/tr>\n<tr>\n<td>Grams<\/td>\n<td>pounds<\/td>\n<td>0.002204<\/td>\n<\/tr>\n<tr>\n<td>Kilograms<\/td>\n<td>pounds<\/td>\n<td>2.2046<\/td>\n<\/tr>\n<tr>\n<td>Newtons<\/td>\n<td>grams<\/td>\n<td>101.971<\/td>\n<\/tr>\n<tr>\n<td>Newtons<\/td>\n<td>ounces<\/td>\n<td>3.59692<\/td>\n<\/tr>\n<tr>\n<td>Newtons<\/td>\n<td>pounds<\/td>\n<td>0.224808<\/td>\n<\/tr>\n<tr>\n<td>Ounces<\/td>\n<td>grams<\/td>\n<td>28.3495<\/td>\n<\/tr>\n<tr>\n<td>Ounces<\/td>\n<td>Newtons<\/td>\n<td>0.27802<\/td>\n<\/tr>\n<tr>\n<td>Ounces<\/td>\n<td>pounds<\/td>\n<td>0.0625<\/td>\n<\/tr>\n<tr>\n<td>Pounds<\/td>\n<td>grams<\/td>\n<td>453.592<\/td>\n<\/tr>\n<tr>\n<td>Pounds<\/td>\n<td>kilograms<\/td>\n<td>0.45359<\/td>\n<\/tr>\n<tr>\n<td>Pounds<\/td>\n<td>Newtons<\/td>\n<td>4.44824<\/td>\n<\/tr>\n<tr>\n<td>Pounds<\/td>\n<td>ounces<\/td>\n<td>16.0<\/td>\n<\/tr>\n<tr>\n<td>Pounds<\/td>\n<td>tons<\/td>\n<td>0.0005<\/td>\n<\/tr>\n<tr>\n<td>Tons<\/td>\n<td>pounds<\/td>\n<td>2,000.0<\/td>\n<\/tr>\n<\/tbody>\n<\/table>\n\t\t\t\t<\/div>\n\t\t\t\t\t\t\t\t<\/div>\n\t\t\t<\/div>\n\t\t<\/div>\n","protected":false},"excerpt":{"rendered":"","protected":false},"author":1,"featured_media":0,"parent":19577,"menu_order":9,"comment_status":"closed","ping_status":"closed","template":"","meta":{"_acf_changed":false,"footnotes":""},"class_list":["post-19655","page","type-page","status-publish","hentry"],"acf":[],"yoast_head":"<!-- This site is optimized with the Yoast SEO plugin v27.4 - https:\/\/yoast.com\/product\/yoast-seo-wordpress\/ -->\n<title>Einheiten-Umrechnungstabellen | Tolomatic<\/title>\n<meta name=\"description\" content=\"Find conversions for torque, distance, inertia, and load or download the Tolomatic PC compatible conversion tool.\" \/>\n<meta name=\"robots\" content=\"index, follow, max-snippet:-1, max-image-preview:large, max-video-preview:-1\" \/>\n<meta property=\"og:locale\" content=\"de_DE\" \/>\n<meta property=\"og:type\" content=\"article\" \/>\n<meta property=\"og:title\" content=\"Einheiten-Umrechnungstabellen | Tolomatic\" \/>\n<meta property=\"og:description\" content=\"Find conversions for torque, distance, inertia, and load or download the Tolomatic PC compatible conversion tool.\" \/>\n<meta property=\"og:url\" content=\"https:\/\/www.tolomatic.com\/de\/unterstutzung\/umrechnungen\/\" \/>\n<meta property=\"og:site_name\" content=\"Tolomatic\" \/>\n<meta property=\"article:publisher\" content=\"https:\/\/www.facebook.com\/Tolomatic\/\" \/>\n<meta property=\"article:modified_time\" content=\"2023-07-10T14:21:26+00:00\" \/>\n<meta property=\"og:image\" content=\"https:\/\/www.tolomatic.com\/wp-content\/uploads\/2022\/09\/tolo-logo-social.jpg\" \/>\n\t<meta property=\"og:image:width\" content=\"280\" \/>\n\t<meta property=\"og:image:height\" content=\"200\" \/>\n\t<meta property=\"og:image:type\" content=\"image\/jpeg\" \/>\n<meta name=\"twitter:card\" content=\"summary_large_image\" \/>\n<meta name=\"twitter:site\" content=\"@Tolomatic\" \/>\n<script type=\"application\/ld+json\" class=\"yoast-schema-graph\">{\"@context\":\"https:\\\/\\\/schema.org\",\"@graph\":[{\"@type\":\"WebPage\",\"@id\":\"https:\\\/\\\/www.tolomatic.com\\\/de\\\/unterstutzung\\\/umrechnungen\\\/\",\"url\":\"https:\\\/\\\/www.tolomatic.com\\\/de\\\/unterstutzung\\\/umrechnungen\\\/\",\"name\":\"Einheiten-Umrechnungstabellen | Tolomatic\",\"isPartOf\":{\"@id\":\"https:\\\/\\\/www.tolomatic.com\\\/de\\\/#website\"},\"datePublished\":\"2022-04-08T01:05:00+00:00\",\"dateModified\":\"2023-07-10T14:21:26+00:00\",\"description\":\"Find conversions for torque, distance, inertia, and load or download the Tolomatic PC compatible conversion tool.\",\"breadcrumb\":{\"@id\":\"https:\\\/\\\/www.tolomatic.com\\\/de\\\/unterstutzung\\\/umrechnungen\\\/#breadcrumb\"},\"inLanguage\":\"de\",\"potentialAction\":[{\"@type\":\"ReadAction\",\"target\":[\"https:\\\/\\\/www.tolomatic.com\\\/de\\\/unterstutzung\\\/umrechnungen\\\/\"]}]},{\"@type\":\"BreadcrumbList\",\"@id\":\"https:\\\/\\\/www.tolomatic.com\\\/de\\\/unterstutzung\\\/umrechnungen\\\/#breadcrumb\",\"itemListElement\":[{\"@type\":\"ListItem\",\"position\":1,\"name\":\"Home\",\"item\":\"https:\\\/\\\/www.tolomatic.com\\\/de\\\/\"},{\"@type\":\"ListItem\",\"position\":2,\"name\":\"Unterst\u00fctzung\",\"item\":\"https:\\\/\\\/www.tolomatic.com\\\/de\\\/unterstutzung\\\/\"},{\"@type\":\"ListItem\",\"position\":3,\"name\":\"Umrechnungen\"}]},{\"@type\":\"WebSite\",\"@id\":\"https:\\\/\\\/www.tolomatic.com\\\/de\\\/#website\",\"url\":\"https:\\\/\\\/www.tolomatic.com\\\/de\\\/\",\"name\":\"Tolomatic\",\"description\":\"Excellence in motion\",\"publisher\":{\"@id\":\"https:\\\/\\\/www.tolomatic.com\\\/de\\\/#organization\"},\"potentialAction\":[{\"@type\":\"SearchAction\",\"target\":{\"@type\":\"EntryPoint\",\"urlTemplate\":\"https:\\\/\\\/www.tolomatic.com\\\/de\\\/?s={search_term_string}\"},\"query-input\":{\"@type\":\"PropertyValueSpecification\",\"valueRequired\":true,\"valueName\":\"search_term_string\"}}],\"inLanguage\":\"de\"},{\"@type\":\"Organization\",\"@id\":\"https:\\\/\\\/www.tolomatic.com\\\/de\\\/#organization\",\"name\":\"Tolomatic, Inc.\",\"url\":\"https:\\\/\\\/www.tolomatic.com\\\/de\\\/\",\"logo\":{\"@type\":\"ImageObject\",\"inLanguage\":\"de\",\"@id\":\"https:\\\/\\\/www.tolomatic.com\\\/de\\\/#\\\/schema\\\/logo\\\/image\\\/\",\"url\":\"https:\\\/\\\/www.tolomatic.com\\\/wp-content\\\/uploads\\\/2022\\\/04\\\/tolomatic-logo.png\",\"contentUrl\":\"https:\\\/\\\/www.tolomatic.com\\\/wp-content\\\/uploads\\\/2022\\\/04\\\/tolomatic-logo.png\",\"width\":260,\"height\":58,\"caption\":\"Tolomatic, Inc.\"},\"image\":{\"@id\":\"https:\\\/\\\/www.tolomatic.com\\\/de\\\/#\\\/schema\\\/logo\\\/image\\\/\"},\"sameAs\":[\"https:\\\/\\\/www.facebook.com\\\/Tolomatic\\\/\",\"https:\\\/\\\/x.com\\\/Tolomatic\"]}]}<\/script>\n<!-- \/ Yoast SEO plugin. -->","yoast_head_json":{"title":"Einheiten-Umrechnungstabellen | Tolomatic","description":"Find conversions for torque, distance, inertia, and load or download the Tolomatic PC compatible conversion tool.","robots":{"index":"index","follow":"follow","max-snippet":"max-snippet:-1","max-image-preview":"max-image-preview:large","max-video-preview":"max-video-preview:-1"},"og_locale":"de_DE","og_type":"article","og_title":"Einheiten-Umrechnungstabellen | Tolomatic","og_description":"Find conversions for torque, distance, inertia, and load or download the Tolomatic PC compatible conversion tool.","og_url":"https:\/\/www.tolomatic.com\/de\/unterstutzung\/umrechnungen\/","og_site_name":"Tolomatic","article_publisher":"https:\/\/www.facebook.com\/Tolomatic\/","article_modified_time":"2023-07-10T14:21:26+00:00","og_image":[{"width":280,"height":200,"url":"https:\/\/www.tolomatic.com\/wp-content\/uploads\/2022\/09\/tolo-logo-social.jpg","type":"image\/jpeg"}],"twitter_card":"summary_large_image","twitter_site":"@Tolomatic","schema":{"@context":"https:\/\/schema.org","@graph":[{"@type":"WebPage","@id":"https:\/\/www.tolomatic.com\/de\/unterstutzung\/umrechnungen\/","url":"https:\/\/www.tolomatic.com\/de\/unterstutzung\/umrechnungen\/","name":"Einheiten-Umrechnungstabellen | Tolomatic","isPartOf":{"@id":"https:\/\/www.tolomatic.com\/de\/#website"},"datePublished":"2022-04-08T01:05:00+00:00","dateModified":"2023-07-10T14:21:26+00:00","description":"Find conversions for torque, distance, inertia, and load or download the Tolomatic PC compatible conversion tool.","breadcrumb":{"@id":"https:\/\/www.tolomatic.com\/de\/unterstutzung\/umrechnungen\/#breadcrumb"},"inLanguage":"de","potentialAction":[{"@type":"ReadAction","target":["https:\/\/www.tolomatic.com\/de\/unterstutzung\/umrechnungen\/"]}]},{"@type":"BreadcrumbList","@id":"https:\/\/www.tolomatic.com\/de\/unterstutzung\/umrechnungen\/#breadcrumb","itemListElement":[{"@type":"ListItem","position":1,"name":"Home","item":"https:\/\/www.tolomatic.com\/de\/"},{"@type":"ListItem","position":2,"name":"Unterst\u00fctzung","item":"https:\/\/www.tolomatic.com\/de\/unterstutzung\/"},{"@type":"ListItem","position":3,"name":"Umrechnungen"}]},{"@type":"WebSite","@id":"https:\/\/www.tolomatic.com\/de\/#website","url":"https:\/\/www.tolomatic.com\/de\/","name":"Tolomatic","description":"Excellence in motion","publisher":{"@id":"https:\/\/www.tolomatic.com\/de\/#organization"},"potentialAction":[{"@type":"SearchAction","target":{"@type":"EntryPoint","urlTemplate":"https:\/\/www.tolomatic.com\/de\/?s={search_term_string}"},"query-input":{"@type":"PropertyValueSpecification","valueRequired":true,"valueName":"search_term_string"}}],"inLanguage":"de"},{"@type":"Organization","@id":"https:\/\/www.tolomatic.com\/de\/#organization","name":"Tolomatic, Inc.","url":"https:\/\/www.tolomatic.com\/de\/","logo":{"@type":"ImageObject","inLanguage":"de","@id":"https:\/\/www.tolomatic.com\/de\/#\/schema\/logo\/image\/","url":"https:\/\/www.tolomatic.com\/wp-content\/uploads\/2022\/04\/tolomatic-logo.png","contentUrl":"https:\/\/www.tolomatic.com\/wp-content\/uploads\/2022\/04\/tolomatic-logo.png","width":260,"height":58,"caption":"Tolomatic, Inc."},"image":{"@id":"https:\/\/www.tolomatic.com\/de\/#\/schema\/logo\/image\/"},"sameAs":["https:\/\/www.facebook.com\/Tolomatic\/","https:\/\/x.com\/Tolomatic"]}]}},"_links":{"self":[{"href":"https:\/\/www.tolomatic.com\/de\/wp-json\/wp\/v2\/pages\/19655","targetHints":{"allow":["GET"]}}],"collection":[{"href":"https:\/\/www.tolomatic.com\/de\/wp-json\/wp\/v2\/pages"}],"about":[{"href":"https:\/\/www.tolomatic.com\/de\/wp-json\/wp\/v2\/types\/page"}],"author":[{"embeddable":true,"href":"https:\/\/www.tolomatic.com\/de\/wp-json\/wp\/v2\/users\/1"}],"replies":[{"embeddable":true,"href":"https:\/\/www.tolomatic.com\/de\/wp-json\/wp\/v2\/comments?post=19655"}],"version-history":[{"count":0,"href":"https:\/\/www.tolomatic.com\/de\/wp-json\/wp\/v2\/pages\/19655\/revisions"}],"up":[{"embeddable":true,"href":"https:\/\/www.tolomatic.com\/de\/wp-json\/wp\/v2\/pages\/19577"}],"wp:attachment":[{"href":"https:\/\/www.tolomatic.com\/de\/wp-json\/wp\/v2\/media?parent=19655"}],"curies":[{"name":"wp","href":"https:\/\/api.w.org\/{rel}","templated":true}]}}