{"id":19582,"date":"2022-04-08T01:02:33","date_gmt":"2022-04-08T01:02:33","guid":{"rendered":"https:\/\/www.tolomatic.com\/unterstutzung\/solution-partners\/"},"modified":"2023-07-10T14:33:23","modified_gmt":"2023-07-10T14:33:23","slug":"partner-fur-losungen","status":"publish","type":"page","link":"https:\/\/www.tolomatic.com\/de\/unterstutzung\/partner-fur-losungen\/","title":{"rendered":"Partner f\u00fcr L\u00f6sungen"},"content":{"rendered":"<style>.acf-custom-block.acf-block-rmgintrobanner{padding:60px 0;position:relative}@media only screen and (max-width:1180px){.acf-custom-block.acf-block-rmgintrobanner{padding:50px 0}}.acf-custom-block.acf-block-rmgintrobanner .content{max-width:750px;padding:20px 0 20px 150px}@media only screen and (max-width:1180px){.acf-custom-block.acf-block-rmgintrobanner .content{padding:0}}.acf-custom-block.acf-block-rmgintrobanner .content h1{color:#84cef3;margin-top:0;text-shadow:0 0 20px rgba(0,0,0,.3)}.acf-custom-block.acf-block-rmgintrobanner .content p{font-size:1.25rem}.acf-custom-block.acf-block-rmgintrobanner .content a.btn{margin-top:15px}.acf-custom-block.acf-block-rmgintrobanner.text-dark .content h1,.acf-custom-block.acf-block-rmgintrobanner.text-dark .content p{color:#2c3038}.acf-custom-block.acf-block-rmgintrobanner.text-light .content h1,.acf-custom-block.acf-block-rmgintrobanner.text-light .content p{color:#fff}.acf-custom-block.acf-block-rmgintrobanner.intro-align-center .content{margin:0 auto;padding:20px 100px;text-align:center}@media only screen and (max-width:1180px){.acf-custom-block.acf-block-rmgintrobanner.intro-align-center .content{padding:0}}.acf-custom-block.acf-block-rmgintrobanner.has-nav .content{padding-bottom:50px}@media only screen and (max-width:1180px){.acf-custom-block.acf-block-rmgintrobanner.has-nav .content{padding-bottom:0}}.acf-custom-block.acf-block-rmgintrobanner.bg-image:before{background-position:top}.acf-custom-block.acf-block-rmgintrobanner.background-bg-blue .content h1,.acf-custom-block.acf-block-rmgintrobanner.background-bg-blue .content p{color:#fff}.acf-custom-block.acf-block-rmgintrobanner.background-bg-light-blue .content h1,.acf-custom-block.acf-block-rmgintrobanner.background-bg-light-blue .content p{color:#2c3038}.acf-custom-block.acf-block-rmgintrobanner.intro-wide .content{max-width:100%}.acf-custom-block.acf-block-rmgintrobanner.block-below-none{padding-bottom:0}.intro-banner{margin:0 auto;max-width:1600px;position:relative}.intro-banner .secondary-nav{bottom:0;left:0;position:absolute;text-align:center;width:100%}.intro-banner .secondary-nav .acf-block-wrap{max-width:1600px;padding:0}.intro-banner .secondary-nav ul{display:inline-block;list-style:none;margin:0;padding:0;width:100%}.intro-banner .secondary-nav ul li{display:inline-block;vertical-align:bottom}.intro-banner .secondary-nav ul li a{background-color:hsla(0,0%,100%,.75);color:#0072a7;display:block;font-size:1.1rem;font-weight:700;margin:0 1px;padding:20px 40px;text-decoration:none}.intro-banner .secondary-nav ul li.active a{background-color:#fff;padding:21px 40px}@media only screen and (max-width:1180px){.intro-banner .secondary-nav{position:relative}.intro-banner .secondary-nav ul li{display:block;width:100%}.intro-banner .secondary-nav ul li a{border-bottom:1px solid #888;font-size:1.1rem;padding:15px}}@media only screen and (max-width:767px){.intro-banner .secondary-nav{position:relative}.intro-banner .secondary-nav ul li{display:block;width:100%}.intro-banner .secondary-nav ul li a{border-bottom:1px solid #888;font-size:1.1rem;padding:15px}}body.lang-de .intro-banner .secondary-nav ul li a{font-size:1rem;padding:20px}@media only screen and (max-width:1220px){body.lang-de .intro-banner .secondary-nav ul li a{font-size:.875rem;padding:14px 20px}body.lang-de .intro-banner .secondary-nav ul li.active a{padding:16px 20px}}<\/style>\t<div class=\"banner-breadcrumbs\"><ul class=\"breadcrumbs\"><li><a href=\"https:\/\/www.tolomatic.com\/de\/\">Home<\/a><\/li><li><a href=\"https:\/\/www.tolomatic.com\/de\/unterstutzung\/\">Unterst\u00fctzung<\/a><\/li><li>Partner f\u00fcr L\u00f6sungen<\/li><\/ul><\/div>\n<div class=\"intro-banner\">\n\t<div class=\"acf-block-rmgintrobanner acf-custom-block align-full bg-image background-white text-light intro-align-left darken-background-0 block-below-normal\" id=\"block_34303ee442704a53966fb5159ceb68b8\">\n\t\t\t\t<div class=\"acf-block-wrap\">\n\t\t\t<div class=\"content\">\n\t\t\t\t<h1>Partner f\u00fcr L\u00f6sungen<\/h1>\t\t\t\t<p>Tolomatic bem\u00fcht sich aktiv darum, Zulieferer aus der Branche der Bewegungssteuerung als Gesch\u00e4ftspartner zu gewinnen. Wir sind aktiv in PartnerNetwork\u2122 von Rockwell Automation und in Mitsubishis Programm e-f@ctory Alliance eingebunden.<\/p>\n\t\t\t<\/div>\t\t<\/div>\n\t\t\t\t\t\t\t<style>#block_34303ee442704a53966fb5159ceb68b8:before {background-image: url(https:\/\/www.tolomatic.com\/wp-content\/uploads\/2022\/04\/headerbanner-partner-handshake_6578-1600x580px-1024x371.jpg);}<\/style>\n\t\t\t<\/div>\n\t<\/div>\n\n<style>.acf-custom-block.acf-block-rmgimagetext .acf-block-wrap{display:flex}.acf-custom-block.acf-block-rmgimagetext.layout-image-left .acf-block-wrap{flex-direction:row-reverse}.acf-custom-block.acf-block-rmgimagetext.layout-image-left .acf-block-wrap .content{justify-content:right}.acf-custom-block.acf-block-rmgimagetext .content{align-items:center;display:flex;flex:1}.acf-custom-block.acf-block-rmgimagetext .content-wrap{width:90%}.acf-custom-block.acf-block-rmgimagetext .image{max-width:500px}.acf-custom-block.acf-block-rmgimagetext .image img{border-radius:6px;height:auto;max-width:100%}.acf-custom-block.acf-block-rmgimagetext .video{align-self:center;min-width:500px}@media only screen and (max-width:1180px){.acf-custom-block.acf-block-rmgimagetext .video{min-width:auto}}@media only screen and (min-width:768px) and (max-width:1180px){.acf-custom-block.acf-block-rmgimagetext .image{flex:1}}@media only screen and (max-width:767px){.acf-custom-block.acf-block-rmgimagetext .acf-block-wrap{align-items:center;flex-direction:column-reverse}.acf-custom-block.acf-block-rmgimagetext.layout-image-left .acf-block-wrap{flex-direction:column-reverse}.acf-custom-block.acf-block-rmgimagetext .content{justify-content:center;margin-top:30px;max-width:565px}.acf-custom-block.acf-block-rmgimagetext .content-wrap{width:95%}.acf-custom-block.acf-block-rmgimagetext .image{text-align:center}}<\/style><div class=\"acf-block-rmgimagetext acf-custom-block align-wide bg-none background-white layout-image-left block-below-normal\" id=\"block_144e2525b295f8147640f225ba343fd6\">\n\t\t<div class=\"acf-block-wrap\">\n\t\t\t\t<div class=\"content\">\n\t\t\t<div class=\"content-wrap\"><h2>PartnerNetwork\u2122-Programm von Rockwell Automation<\/h2>\n<h4><em>Encompass\u2122-Produktpartner<\/em><\/h4>\n<p>Tolomatic und Rockwell haben sich zusammengeschlossen, um Kunden die besten Automatisierungsl\u00f6sungen f\u00fcr Ihre Anwendungen in der Bewegungssteuerung zu bieten. Mit dem Referenzprogramm f\u00fcr Produkte Dritter von Encompass finden Sie schnell die Produkte, die Ihre Anwendungsprobleme am besten l\u00f6sen. Zu den verf\u00fcgbaren Tolomatic-Produkten geh\u00f6ren die elektrischen stangengef\u00fchrten Stellantriebe RSA, GSA, ERD und IMA sowie die kolbenstangenlosen Spindelantriebe MXE und MXB. S\u00e4mtliche dieser Produkte sind mit den Servoprodukten von Rockwell Automation sowie den erweiterten Bewegungssteuerungsl\u00f6sungen kompatibel. Mehr Informationen finden Sie auf der\u00a0<a href=\"http:\/\/www.rockwellautomation.com\/global\/sales-partners\/complementary-products\/overview.page?\" target=\"_blank\" rel=\"noopener\">Encompass-Programmwebsite von Rockwell&#8217;s PartnerNetwork\u2122<\/a>.<\/p>\n<h4><em>Lizenzierungspartner f\u00fcr Enabled\u2122-Technologie<\/em><\/h4>\n<p>Die Partnerschaft mit Rockwell Automation Enabled Technology gew\u00e4hrleistet, dass die integrierten IMA-Servomotorantriebe von Tolomatic mit der gleichen Kompatibilit\u00e4t arbeiten wie die Rockwell-Servomotoren. Dies schafft die M\u00f6glichkeit, die Architektur in eine breitere Palette von Produkten integrieren zu k\u00f6nnen, um unserem Kundenstamm einen besseren Service bieten zu k\u00f6nnen.<\/p>\n<ul>\n<li style=\"line-height: 20.7999992370605px;\"><a href=\"https:\/\/www.tolomatic.com\/infozentrum\/resource-details\/cmf-import-tool-for-tolomatic-ima-actuators-with-absolute-encoder-and-allen-bradley-connectors-v20\/\" target=\"_blank\" rel=\"noopener\">SOFTWARE: IMA-Rockwell CMF (blb-Datei) Import-Tool<\/a><\/li>\n<li style=\"line-height: 20.7999992370605px;\"><a href=\"https:\/\/www.tolomatic.com\/de\/infozentrum\/resource-details\/information-and-a-procedure-for-using-the-cmf-import-tool\/\" target=\"_blank\" rel=\"noopener\">TECH HINWEIS: IMA-Rockwell Logix CMF (blb-Datei) Anleitung zum Dateiimport<\/a><\/li>\n<li style=\"line-height: 20.7999992370605px;\"><a href=\"https:\/\/www.tolomatic.com\/infozentrum\/resource-details\/interfacing-the-tolomatic-ima-actuator-and-absolute-encoder-with-allen-bradley-servo-drives\/\" target=\"_blank\" rel=\"noopener\">TECH HINWEIS: Verbinden des Tolomatic IMA Antriebs und des Absolute Encoders mit den Allen Bradley Servoantrieben<\/a><\/li>\n<\/ul>\n<\/div>\n\t\t<\/div>\n\t\t\t\t\t<div class=\"image\"><img loading=\"lazy\" decoding=\"async\" width=\"500\" height=\"365\" src=\"https:\/\/www.tolomatic.com\/wp-content\/uploads\/2022\/08\/rockwellencompasspartner.gif\" class=\"attachment-content-image size-content-image\" alt=\"Rockwell Partner\" \/><\/div>\t\t\t\t\t\n\t\t\t\t\t<\/div>\n\t\t<\/div>\n\n<div class=\"acf-block-rmgimagetext acf-custom-block align-wide bg-none background-white layout-image-left block-below-normal\" id=\"block_4cf0a128cdb938c83e359c0ef213fc98\">\n\t\t<div class=\"acf-block-wrap\">\n\t\t\t\t<div class=\"content\">\n\t\t\t<div class=\"content-wrap\"><h3>Tolomatic ist Partner der Mitsubishi<br \/>\ne-F@ctory Alliance.<\/h3>\n<p>Die elektrischen Antriebe von Tolomatic wurden mit ausgew\u00e4hlten Mitsubishi-Motoren ausgiebig getestet. Die Spezifikation einer kompletten Antriebsl\u00f6sung erfolgt ganz einfach \u00fcber die Gr\u00f6\u00dfenbestimmung eines Antriebs mit der Tolomatic Online-Software, die Anpassung der Motoranforderungen an den entsprechenden Mitsubishi-Motor und die Auswahl des passenden Tolomatic Your Motor Here\u00ae-Motorcodes. 100\u00a0% Kompatibilit\u00e4t garantiert. Weitere Informationen zum e-f@ctory Alliance-Programm finden Sie auf der Website von\u00a0<a href=\"http:\/\/www.mitsubishielectric.com\/fa\/fsaward\/index.html\" target=\"_blank\" rel=\"noopener\">Mitsubishi<\/a><\/p>\n<\/div>\n\t\t<\/div>\n\t\t\t\t\t<div class=\"image\"><img loading=\"lazy\" decoding=\"async\" width=\"494\" height=\"357\" src=\"https:\/\/www.tolomatic.com\/wp-content\/uploads\/2022\/04\/mitsubishie-factory.gif\" class=\"attachment-content-image size-content-image\" alt=\"\" \/><\/div>\t\t\t\t\t\n\t\t\t\t\t<\/div>\n\t\t<\/div>","protected":false},"excerpt":{"rendered":"","protected":false},"author":1,"featured_media":0,"parent":19577,"menu_order":5,"comment_status":"closed","ping_status":"closed","template":"","meta":{"_acf_changed":false,"footnotes":""},"class_list":["post-19582","page","type-page","status-publish","hentry"],"acf":[],"yoast_head":"<!-- This site is optimized with the Yoast SEO plugin v27.3 - https:\/\/yoast.com\/product\/yoast-seo-wordpress\/ -->\n<title>Partner f\u00fcr L\u00f6sungen | Tolomatic<\/title>\n<meta name=\"description\" content=\"Tolomatic is involved in creating business partners with motion control suppliers including Rockwell Automation&#039;s Partner Network and Mitsubishi&#039;s e-f@ctory Alliance.\" \/>\n<meta name=\"robots\" content=\"index, follow, max-snippet:-1, max-image-preview:large, max-video-preview:-1\" \/>\n<meta property=\"og:locale\" content=\"de_DE\" \/>\n<meta property=\"og:type\" content=\"article\" \/>\n<meta property=\"og:title\" content=\"Partner f\u00fcr L\u00f6sungen | Tolomatic\" \/>\n<meta property=\"og:description\" content=\"Tolomatic is involved in creating business partners with motion control suppliers including Rockwell Automation&#039;s Partner Network and Mitsubishi&#039;s e-f@ctory Alliance.\" \/>\n<meta property=\"og:url\" content=\"https:\/\/www.tolomatic.com\/de\/unterstutzung\/partner-fur-losungen\/\" \/>\n<meta property=\"og:site_name\" content=\"Tolomatic\" \/>\n<meta property=\"article:publisher\" content=\"https:\/\/www.facebook.com\/Tolomatic\/\" \/>\n<meta property=\"article:modified_time\" content=\"2023-07-10T14:33:23+00:00\" \/>\n<meta property=\"og:image\" content=\"https:\/\/www.tolomatic.com\/wp-content\/uploads\/2022\/09\/tolo-logo-social.jpg\" \/>\n\t<meta property=\"og:image:width\" content=\"280\" \/>\n\t<meta property=\"og:image:height\" content=\"200\" \/>\n\t<meta property=\"og:image:type\" content=\"image\/jpeg\" \/>\n<meta name=\"twitter:card\" content=\"summary_large_image\" \/>\n<meta name=\"twitter:site\" content=\"@Tolomatic\" \/>\n<script type=\"application\/ld+json\" class=\"yoast-schema-graph\">{\"@context\":\"https:\\\/\\\/schema.org\",\"@graph\":[{\"@type\":\"WebPage\",\"@id\":\"https:\\\/\\\/www.tolomatic.com\\\/de\\\/unterstutzung\\\/partner-fur-losungen\\\/\",\"url\":\"https:\\\/\\\/www.tolomatic.com\\\/de\\\/unterstutzung\\\/partner-fur-losungen\\\/\",\"name\":\"Partner f\u00fcr L\u00f6sungen | Tolomatic\",\"isPartOf\":{\"@id\":\"https:\\\/\\\/www.tolomatic.com\\\/de\\\/#website\"},\"datePublished\":\"2022-04-08T01:02:33+00:00\",\"dateModified\":\"2023-07-10T14:33:23+00:00\",\"description\":\"Tolomatic is involved in creating business partners with motion control suppliers including Rockwell Automation's Partner Network and Mitsubishi's e-f@ctory Alliance.\",\"breadcrumb\":{\"@id\":\"https:\\\/\\\/www.tolomatic.com\\\/de\\\/unterstutzung\\\/partner-fur-losungen\\\/#breadcrumb\"},\"inLanguage\":\"de\",\"potentialAction\":[{\"@type\":\"ReadAction\",\"target\":[\"https:\\\/\\\/www.tolomatic.com\\\/de\\\/unterstutzung\\\/partner-fur-losungen\\\/\"]}]},{\"@type\":\"BreadcrumbList\",\"@id\":\"https:\\\/\\\/www.tolomatic.com\\\/de\\\/unterstutzung\\\/partner-fur-losungen\\\/#breadcrumb\",\"itemListElement\":[{\"@type\":\"ListItem\",\"position\":1,\"name\":\"Home\",\"item\":\"https:\\\/\\\/www.tolomatic.com\\\/de\\\/\"},{\"@type\":\"ListItem\",\"position\":2,\"name\":\"Unterst\u00fctzung\",\"item\":\"https:\\\/\\\/www.tolomatic.com\\\/de\\\/unterstutzung\\\/\"},{\"@type\":\"ListItem\",\"position\":3,\"name\":\"Partner f\u00fcr L\u00f6sungen\"}]},{\"@type\":\"WebSite\",\"@id\":\"https:\\\/\\\/www.tolomatic.com\\\/de\\\/#website\",\"url\":\"https:\\\/\\\/www.tolomatic.com\\\/de\\\/\",\"name\":\"Tolomatic\",\"description\":\"Excellence in motion\",\"publisher\":{\"@id\":\"https:\\\/\\\/www.tolomatic.com\\\/de\\\/#organization\"},\"potentialAction\":[{\"@type\":\"SearchAction\",\"target\":{\"@type\":\"EntryPoint\",\"urlTemplate\":\"https:\\\/\\\/www.tolomatic.com\\\/de\\\/?s={search_term_string}\"},\"query-input\":{\"@type\":\"PropertyValueSpecification\",\"valueRequired\":true,\"valueName\":\"search_term_string\"}}],\"inLanguage\":\"de\"},{\"@type\":\"Organization\",\"@id\":\"https:\\\/\\\/www.tolomatic.com\\\/de\\\/#organization\",\"name\":\"Tolomatic, Inc.\",\"url\":\"https:\\\/\\\/www.tolomatic.com\\\/de\\\/\",\"logo\":{\"@type\":\"ImageObject\",\"inLanguage\":\"de\",\"@id\":\"https:\\\/\\\/www.tolomatic.com\\\/de\\\/#\\\/schema\\\/logo\\\/image\\\/\",\"url\":\"https:\\\/\\\/www.tolomatic.com\\\/wp-content\\\/uploads\\\/2022\\\/04\\\/tolomatic-logo.png\",\"contentUrl\":\"https:\\\/\\\/www.tolomatic.com\\\/wp-content\\\/uploads\\\/2022\\\/04\\\/tolomatic-logo.png\",\"width\":260,\"height\":58,\"caption\":\"Tolomatic, Inc.\"},\"image\":{\"@id\":\"https:\\\/\\\/www.tolomatic.com\\\/de\\\/#\\\/schema\\\/logo\\\/image\\\/\"},\"sameAs\":[\"https:\\\/\\\/www.facebook.com\\\/Tolomatic\\\/\",\"https:\\\/\\\/x.com\\\/Tolomatic\"]}]}<\/script>\n<!-- \/ Yoast SEO plugin. -->","yoast_head_json":{"title":"Partner f\u00fcr L\u00f6sungen | Tolomatic","description":"Tolomatic is involved in creating business partners with motion control suppliers including Rockwell Automation's Partner Network and Mitsubishi's e-f@ctory Alliance.","robots":{"index":"index","follow":"follow","max-snippet":"max-snippet:-1","max-image-preview":"max-image-preview:large","max-video-preview":"max-video-preview:-1"},"og_locale":"de_DE","og_type":"article","og_title":"Partner f\u00fcr L\u00f6sungen | Tolomatic","og_description":"Tolomatic is involved in creating business partners with motion control suppliers including Rockwell Automation's Partner Network and Mitsubishi's e-f@ctory Alliance.","og_url":"https:\/\/www.tolomatic.com\/de\/unterstutzung\/partner-fur-losungen\/","og_site_name":"Tolomatic","article_publisher":"https:\/\/www.facebook.com\/Tolomatic\/","article_modified_time":"2023-07-10T14:33:23+00:00","og_image":[{"width":280,"height":200,"url":"https:\/\/www.tolomatic.com\/wp-content\/uploads\/2022\/09\/tolo-logo-social.jpg","type":"image\/jpeg"}],"twitter_card":"summary_large_image","twitter_site":"@Tolomatic","schema":{"@context":"https:\/\/schema.org","@graph":[{"@type":"WebPage","@id":"https:\/\/www.tolomatic.com\/de\/unterstutzung\/partner-fur-losungen\/","url":"https:\/\/www.tolomatic.com\/de\/unterstutzung\/partner-fur-losungen\/","name":"Partner f\u00fcr L\u00f6sungen | Tolomatic","isPartOf":{"@id":"https:\/\/www.tolomatic.com\/de\/#website"},"datePublished":"2022-04-08T01:02:33+00:00","dateModified":"2023-07-10T14:33:23+00:00","description":"Tolomatic is involved in creating business partners with motion control suppliers including Rockwell Automation's Partner Network and Mitsubishi's e-f@ctory Alliance.","breadcrumb":{"@id":"https:\/\/www.tolomatic.com\/de\/unterstutzung\/partner-fur-losungen\/#breadcrumb"},"inLanguage":"de","potentialAction":[{"@type":"ReadAction","target":["https:\/\/www.tolomatic.com\/de\/unterstutzung\/partner-fur-losungen\/"]}]},{"@type":"BreadcrumbList","@id":"https:\/\/www.tolomatic.com\/de\/unterstutzung\/partner-fur-losungen\/#breadcrumb","itemListElement":[{"@type":"ListItem","position":1,"name":"Home","item":"https:\/\/www.tolomatic.com\/de\/"},{"@type":"ListItem","position":2,"name":"Unterst\u00fctzung","item":"https:\/\/www.tolomatic.com\/de\/unterstutzung\/"},{"@type":"ListItem","position":3,"name":"Partner f\u00fcr L\u00f6sungen"}]},{"@type":"WebSite","@id":"https:\/\/www.tolomatic.com\/de\/#website","url":"https:\/\/www.tolomatic.com\/de\/","name":"Tolomatic","description":"Excellence in motion","publisher":{"@id":"https:\/\/www.tolomatic.com\/de\/#organization"},"potentialAction":[{"@type":"SearchAction","target":{"@type":"EntryPoint","urlTemplate":"https:\/\/www.tolomatic.com\/de\/?s={search_term_string}"},"query-input":{"@type":"PropertyValueSpecification","valueRequired":true,"valueName":"search_term_string"}}],"inLanguage":"de"},{"@type":"Organization","@id":"https:\/\/www.tolomatic.com\/de\/#organization","name":"Tolomatic, Inc.","url":"https:\/\/www.tolomatic.com\/de\/","logo":{"@type":"ImageObject","inLanguage":"de","@id":"https:\/\/www.tolomatic.com\/de\/#\/schema\/logo\/image\/","url":"https:\/\/www.tolomatic.com\/wp-content\/uploads\/2022\/04\/tolomatic-logo.png","contentUrl":"https:\/\/www.tolomatic.com\/wp-content\/uploads\/2022\/04\/tolomatic-logo.png","width":260,"height":58,"caption":"Tolomatic, Inc."},"image":{"@id":"https:\/\/www.tolomatic.com\/de\/#\/schema\/logo\/image\/"},"sameAs":["https:\/\/www.facebook.com\/Tolomatic\/","https:\/\/x.com\/Tolomatic"]}]}},"_links":{"self":[{"href":"https:\/\/www.tolomatic.com\/de\/wp-json\/wp\/v2\/pages\/19582","targetHints":{"allow":["GET"]}}],"collection":[{"href":"https:\/\/www.tolomatic.com\/de\/wp-json\/wp\/v2\/pages"}],"about":[{"href":"https:\/\/www.tolomatic.com\/de\/wp-json\/wp\/v2\/types\/page"}],"author":[{"embeddable":true,"href":"https:\/\/www.tolomatic.com\/de\/wp-json\/wp\/v2\/users\/1"}],"replies":[{"embeddable":true,"href":"https:\/\/www.tolomatic.com\/de\/wp-json\/wp\/v2\/comments?post=19582"}],"version-history":[{"count":0,"href":"https:\/\/www.tolomatic.com\/de\/wp-json\/wp\/v2\/pages\/19582\/revisions"}],"up":[{"embeddable":true,"href":"https:\/\/www.tolomatic.com\/de\/wp-json\/wp\/v2\/pages\/19577"}],"wp:attachment":[{"href":"https:\/\/www.tolomatic.com\/de\/wp-json\/wp\/v2\/media?parent=19582"}],"curies":[{"name":"wp","href":"https:\/\/api.w.org\/{rel}","templated":true}]}}