{"id":19577,"date":"2022-03-28T23:47:55","date_gmt":"2022-03-28T23:47:55","guid":{"rendered":"https:\/\/www.tolomatic.com\/support\/"},"modified":"2023-07-10T14:24:49","modified_gmt":"2023-07-10T14:24:49","slug":"unterstutzung","status":"publish","type":"page","link":"https:\/\/www.tolomatic.com\/de\/unterstutzung\/","title":{"rendered":"Unterst\u00fctzung"},"content":{"rendered":"<style>.acf-custom-block.acf-block-rmgwysiwyg img{display:block;max-width:100%}.acf-custom-block.acf-block-rmgwysiwyg:first-of-type{padding-top:60px}.acf-custom-block.acf-block-rmgwysiwyg:last-of-type{padding-bottom:60px}.acf-custom-block.acf-block-rmgwysiwyg.vertical-align-middle .columns{align-items:center}.acf-custom-block.acf-block-rmgwysiwyg .intro{margin-bottom:40px}.acf-custom-block.acf-block-rmgwysiwyg .intro.width-wide{margin:0 auto 40px;max-width:900px}.acf-custom-block.acf-block-rmgwysiwyg .intro.width-narrow{margin:0 auto 40px;max-width:700px}@media only screen and (min-width:768px){.acf-custom-block.acf-block-rmgwysiwyg .columns{display:flex;flex:auto;margin:0 -24px}.acf-custom-block.acf-block-rmgwysiwyg .column{flex:1;margin:0 24px}.acf-custom-block.acf-block-rmgwysiwyg.columns-2.column-size-large-left .column:first-child{flex:2;padding-right:50px}.acf-custom-block.acf-block-rmgwysiwyg.columns-2.column-size-large-right .column:first-child{padding-right:50px}.acf-custom-block.acf-block-rmgwysiwyg.columns-2.column-size-large-right .column:last-child{flex:2}}@media only screen and (max-width:767px){.acf-custom-block.acf-block-rmgwysiwyg .intro{padding:0 20px}.acf-custom-block.acf-block-rmgwysiwyg .acf-block-wrap{max-width:550px;width:100%}.acf-custom-block.acf-block-rmgwysiwyg .columns{flex-direction:column;margin:0;padding:0}.acf-custom-block.acf-block-rmgwysiwyg .column{margin-bottom:50px}}@media only screen and (max-width:480px){.acf-custom-block.acf-block-rmgwysiwyg .acf-block-wrap{width:100%}.acf-custom-block.acf-block-rmgwysiwyg .column{margin-bottom:40px}}<\/style><div class=\"acf-block-rmgwysiwyg acf-custom-block align-default columns-2 vertical-align-middle bg-none background-white text-light column-size-large-right intro-align-left intro-padding-normal block-below-normal\" id=\"block_7f6a720e6844973ff2d380e1e377997b\">\n\t\t<div class=\"acf-block-wrap\">\n\t\t\t\t\t\t\t\t<div class=\"columns\">\n\t\t\t<div class=\"column\">\n\t\t\t\t<h1 class=\"blue\" style=\"text-align: center;\">Unterst\u00fctzung<\/h1>\n\t\t\t<\/div>\n\t\t\t\t\t\t\t<div class=\"column\">\n\t\t\t\t\t<p>If you have a question about Tolomatic products please contact us at 1-833-647-0681 (U.S. and Canada) or 763-296-7745 during business hours (7:30 AM to 5:00 PM CST)\u00a0or email us at\u00a0<a href=\"mailto:help@tolomatic.com\">help@tolomatic.com<\/a>. These pages provide\u00a0information on our products. Select an item to learn more.<\/p>\n\t\t\t\t<\/div>\n\t\t\t\t\t\t\t\t<\/div>\n\t\t\t<\/div>\n\t\t<\/div>\n\n\n<div class=\"acf-block-rmgimagelinkgrid acf-custom-block align-full\" id=\"block_f3a6ac9e7f7ef3e5f676a617bcd99494\">\n\t\t<div class=\"acf-block-wrap\">\n\t\t\t\t\t\t<div class=\"image-link-grid\">\n\t\t\t\t\t\t\t<div style=\"background-image:url(https:\/\/www.tolomatic.com\/wp-content\/uploads\/2022\/06\/headerbn-sizingmath-sq-600x450.jpg)\" class=\"item\"><a href=\"http:\/\/sizeit.tolomatic.com\/\"><h2>Tool f\u00fcr die Gr\u00f6\u00dfenbestimmung elektrischer Stellantriebe<\/h2><\/a><\/div>\n\t\t\t\t\t\t\t<div style=\"background-image:url(https:\/\/www.tolomatic.com\/wp-content\/uploads\/2022\/06\/headerbn-sq-distributor-usmapwpins-600x521.jpg)\" class=\"item\"><a href=\"\/de\/unterstutzung\/handler-finden\/\"><h2>H\u00e4ndler finden<\/h2><\/a><\/div>\n\t\t\t\t\t\t\t<div style=\"background-image:url(https:\/\/www.tolomatic.com\/wp-content\/uploads\/2022\/06\/headerbanner-partner-handshake-600x381.jpg)\" class=\"item\"><a href=\"https:\/\/www.tolomatic.com\/de\/unterstutzung\/partner-fur-losungen\/\"><h2>Partner f\u00fcr L\u00f6sungen<\/h2><\/a><\/div>\n\t\t\t\t\t\t\t<div style=\"background-image:url(https:\/\/www.tolomatic.com\/wp-content\/uploads\/2022\/06\/headerbn-inspection_097_pcd3547-v1-600x299.jpg)\" class=\"item\"><a href=\"https:\/\/www.tolomatic.com\/de\/unterstutzung\/bestimmung\/\"><h2>Bestimmung<\/h2><\/a><\/div>\n\t\t\t\t\t\t\t<div style=\"background-image:url(https:\/\/www.tolomatic.com\/wp-content\/uploads\/2022\/06\/headerbn-modelbuilder-630x400-v1-600x381.jpg)\" class=\"item\"><a href=\"https:\/\/www.tolomatic.com\/de\/infozentrum\/cad-archiv\/\"><h2>CAD Archiv<\/h2><\/a><\/div>\n\t\t\t\t\t\t\t<div style=\"background-image:url(https:\/\/www.tolomatic.com\/wp-content\/uploads\/2022\/06\/headerbannerappchecklist-600x301.gif)\" class=\"item\"><a href=\"https:\/\/www.tolomatic.com\/de\/unterstutzung\/anwendungschecklisten\/\"><h2>Anwendungschecklisten<\/h2><\/a><\/div>\n\t\t\t\t\t\t\t<div style=\"background-image:url(https:\/\/www.tolomatic.com\/wp-content\/uploads\/2022\/06\/headerbn-quotesq-customerservice-ss_264982229-600x401.jpg)\" class=\"item\"><a href=\"https:\/\/www.tolomatic.com\/de\/unterstutzung\/angebot-anfordern\/\"><h2>Angebot Anfordern<\/h2><\/a><\/div>\n\t\t\t\t\t\t\t<div style=\"background-image:url(https:\/\/www.tolomatic.com\/wp-content\/uploads\/2022\/06\/headerbn-faq_070_pcd4484-600x368.jpg)\" class=\"item\"><a href=\"https:\/\/www.tolomatic.com\/de\/unterstutzung\/haufig-gestellte-fragen\/\"><h2>H\u00e4ufig gestellte Fragen<\/h2><\/a><\/div>\n\t\t\t\t\t\t\t<div style=\"background-image:url(https:\/\/www.tolomatic.com\/wp-content\/uploads\/2022\/06\/headerbanner-ima-servo-linear-actuators-600x326.jpg)\" class=\"item\"><a href=\"https:\/\/www.tolomatic.com\/de\/unterstutzung\/drive-integration-resources\/\"><h2>Drive Integration Resources<\/h2><\/a><\/div>\n\t\t\t\t\t\t\t<div style=\"background-image:url(https:\/\/www.tolomatic.com\/wp-content\/uploads\/2022\/06\/conversion-600x416.gif)\" class=\"item\"><a href=\"https:\/\/www.tolomatic.com\/de\/unterstutzung\/glossar\/\"><h2>Glossar<\/h2><\/a><\/div>\n\t\t\t\t\t\t\t<div style=\"background-image:url(https:\/\/www.tolomatic.com\/wp-content\/uploads\/2022\/06\/headerbanner-conv-cvr-engres-1600x580px-600x435.jpg)\" class=\"item\"><a href=\"https:\/\/www.tolomatic.com\/de\/unterstutzung\/umrechnungen\/\"><h2>Umrechnungen<\/h2><\/a><\/div>\n\t\t\t\t\t<\/div>\n\t\t\t<\/div>\n\t<\/div>\n","protected":false},"excerpt":{"rendered":"","protected":false},"author":1,"featured_media":0,"parent":0,"menu_order":0,"comment_status":"closed","ping_status":"closed","template":"templates\/primary.php","meta":{"_acf_changed":false,"footnotes":""},"class_list":["post-19577","page","type-page","status-publish","hentry"],"acf":[],"yoast_head":"<!-- This site is optimized with the Yoast SEO plugin v27.3 - https:\/\/yoast.com\/product\/yoast-seo-wordpress\/ -->\n<title>Unterst\u00fctzung | Tolomatic<\/title>\n<meta name=\"description\" content=\"Choose from any of the options shown to help find the right Tolomatic linear motion solution for your application.\" \/>\n<meta name=\"robots\" content=\"index, follow, max-snippet:-1, max-image-preview:large, max-video-preview:-1\" \/>\n<meta property=\"og:locale\" content=\"de_DE\" \/>\n<meta property=\"og:type\" content=\"article\" \/>\n<meta property=\"og:title\" content=\"Unterst\u00fctzung | Tolomatic\" \/>\n<meta property=\"og:description\" content=\"Choose from any of the options shown to help find the right Tolomatic linear motion solution for your application.\" \/>\n<meta property=\"og:url\" content=\"https:\/\/www.tolomatic.com\/de\/unterstutzung\/\" \/>\n<meta property=\"og:site_name\" content=\"Tolomatic\" \/>\n<meta property=\"article:publisher\" content=\"https:\/\/www.facebook.com\/Tolomatic\/\" \/>\n<meta property=\"article:modified_time\" content=\"2023-07-10T14:24:49+00:00\" \/>\n<meta property=\"og:image\" content=\"https:\/\/www.tolomatic.com\/wp-content\/uploads\/2022\/09\/tolo-logo-social.jpg\" \/>\n\t<meta property=\"og:image:width\" content=\"280\" \/>\n\t<meta property=\"og:image:height\" content=\"200\" \/>\n\t<meta property=\"og:image:type\" content=\"image\/jpeg\" \/>\n<meta name=\"twitter:card\" content=\"summary_large_image\" \/>\n<meta name=\"twitter:site\" content=\"@Tolomatic\" \/>\n<script type=\"application\/ld+json\" class=\"yoast-schema-graph\">{\"@context\":\"https:\\\/\\\/schema.org\",\"@graph\":[{\"@type\":\"WebPage\",\"@id\":\"https:\\\/\\\/www.tolomatic.com\\\/de\\\/unterstutzung\\\/\",\"url\":\"https:\\\/\\\/www.tolomatic.com\\\/de\\\/unterstutzung\\\/\",\"name\":\"Unterst\u00fctzung | Tolomatic\",\"isPartOf\":{\"@id\":\"https:\\\/\\\/www.tolomatic.com\\\/de\\\/#website\"},\"datePublished\":\"2022-03-28T23:47:55+00:00\",\"dateModified\":\"2023-07-10T14:24:49+00:00\",\"description\":\"Choose from any of the options shown to help find the right Tolomatic linear motion solution for your application.\",\"breadcrumb\":{\"@id\":\"https:\\\/\\\/www.tolomatic.com\\\/de\\\/unterstutzung\\\/#breadcrumb\"},\"inLanguage\":\"de\",\"potentialAction\":[{\"@type\":\"ReadAction\",\"target\":[\"https:\\\/\\\/www.tolomatic.com\\\/de\\\/unterstutzung\\\/\"]}]},{\"@type\":\"BreadcrumbList\",\"@id\":\"https:\\\/\\\/www.tolomatic.com\\\/de\\\/unterstutzung\\\/#breadcrumb\",\"itemListElement\":[{\"@type\":\"ListItem\",\"position\":1,\"name\":\"Home\",\"item\":\"https:\\\/\\\/www.tolomatic.com\\\/de\\\/\"},{\"@type\":\"ListItem\",\"position\":2,\"name\":\"Unterst\u00fctzung\"}]},{\"@type\":\"WebSite\",\"@id\":\"https:\\\/\\\/www.tolomatic.com\\\/de\\\/#website\",\"url\":\"https:\\\/\\\/www.tolomatic.com\\\/de\\\/\",\"name\":\"Tolomatic\",\"description\":\"Excellence in motion\",\"publisher\":{\"@id\":\"https:\\\/\\\/www.tolomatic.com\\\/de\\\/#organization\"},\"potentialAction\":[{\"@type\":\"SearchAction\",\"target\":{\"@type\":\"EntryPoint\",\"urlTemplate\":\"https:\\\/\\\/www.tolomatic.com\\\/de\\\/?s={search_term_string}\"},\"query-input\":{\"@type\":\"PropertyValueSpecification\",\"valueRequired\":true,\"valueName\":\"search_term_string\"}}],\"inLanguage\":\"de\"},{\"@type\":\"Organization\",\"@id\":\"https:\\\/\\\/www.tolomatic.com\\\/de\\\/#organization\",\"name\":\"Tolomatic, Inc.\",\"url\":\"https:\\\/\\\/www.tolomatic.com\\\/de\\\/\",\"logo\":{\"@type\":\"ImageObject\",\"inLanguage\":\"de\",\"@id\":\"https:\\\/\\\/www.tolomatic.com\\\/de\\\/#\\\/schema\\\/logo\\\/image\\\/\",\"url\":\"https:\\\/\\\/www.tolomatic.com\\\/wp-content\\\/uploads\\\/2022\\\/04\\\/tolomatic-logo.png\",\"contentUrl\":\"https:\\\/\\\/www.tolomatic.com\\\/wp-content\\\/uploads\\\/2022\\\/04\\\/tolomatic-logo.png\",\"width\":260,\"height\":58,\"caption\":\"Tolomatic, Inc.\"},\"image\":{\"@id\":\"https:\\\/\\\/www.tolomatic.com\\\/de\\\/#\\\/schema\\\/logo\\\/image\\\/\"},\"sameAs\":[\"https:\\\/\\\/www.facebook.com\\\/Tolomatic\\\/\",\"https:\\\/\\\/x.com\\\/Tolomatic\"]}]}<\/script>\n<!-- \/ Yoast SEO plugin. -->","yoast_head_json":{"title":"Unterst\u00fctzung | Tolomatic","description":"Choose from any of the options shown to help find the right Tolomatic linear motion solution for your application.","robots":{"index":"index","follow":"follow","max-snippet":"max-snippet:-1","max-image-preview":"max-image-preview:large","max-video-preview":"max-video-preview:-1"},"og_locale":"de_DE","og_type":"article","og_title":"Unterst\u00fctzung | Tolomatic","og_description":"Choose from any of the options shown to help find the right Tolomatic linear motion solution for your application.","og_url":"https:\/\/www.tolomatic.com\/de\/unterstutzung\/","og_site_name":"Tolomatic","article_publisher":"https:\/\/www.facebook.com\/Tolomatic\/","article_modified_time":"2023-07-10T14:24:49+00:00","og_image":[{"width":280,"height":200,"url":"https:\/\/www.tolomatic.com\/wp-content\/uploads\/2022\/09\/tolo-logo-social.jpg","type":"image\/jpeg"}],"twitter_card":"summary_large_image","twitter_site":"@Tolomatic","schema":{"@context":"https:\/\/schema.org","@graph":[{"@type":"WebPage","@id":"https:\/\/www.tolomatic.com\/de\/unterstutzung\/","url":"https:\/\/www.tolomatic.com\/de\/unterstutzung\/","name":"Unterst\u00fctzung | Tolomatic","isPartOf":{"@id":"https:\/\/www.tolomatic.com\/de\/#website"},"datePublished":"2022-03-28T23:47:55+00:00","dateModified":"2023-07-10T14:24:49+00:00","description":"Choose from any of the options shown to help find the right Tolomatic linear motion solution for your application.","breadcrumb":{"@id":"https:\/\/www.tolomatic.com\/de\/unterstutzung\/#breadcrumb"},"inLanguage":"de","potentialAction":[{"@type":"ReadAction","target":["https:\/\/www.tolomatic.com\/de\/unterstutzung\/"]}]},{"@type":"BreadcrumbList","@id":"https:\/\/www.tolomatic.com\/de\/unterstutzung\/#breadcrumb","itemListElement":[{"@type":"ListItem","position":1,"name":"Home","item":"https:\/\/www.tolomatic.com\/de\/"},{"@type":"ListItem","position":2,"name":"Unterst\u00fctzung"}]},{"@type":"WebSite","@id":"https:\/\/www.tolomatic.com\/de\/#website","url":"https:\/\/www.tolomatic.com\/de\/","name":"Tolomatic","description":"Excellence in motion","publisher":{"@id":"https:\/\/www.tolomatic.com\/de\/#organization"},"potentialAction":[{"@type":"SearchAction","target":{"@type":"EntryPoint","urlTemplate":"https:\/\/www.tolomatic.com\/de\/?s={search_term_string}"},"query-input":{"@type":"PropertyValueSpecification","valueRequired":true,"valueName":"search_term_string"}}],"inLanguage":"de"},{"@type":"Organization","@id":"https:\/\/www.tolomatic.com\/de\/#organization","name":"Tolomatic, Inc.","url":"https:\/\/www.tolomatic.com\/de\/","logo":{"@type":"ImageObject","inLanguage":"de","@id":"https:\/\/www.tolomatic.com\/de\/#\/schema\/logo\/image\/","url":"https:\/\/www.tolomatic.com\/wp-content\/uploads\/2022\/04\/tolomatic-logo.png","contentUrl":"https:\/\/www.tolomatic.com\/wp-content\/uploads\/2022\/04\/tolomatic-logo.png","width":260,"height":58,"caption":"Tolomatic, Inc."},"image":{"@id":"https:\/\/www.tolomatic.com\/de\/#\/schema\/logo\/image\/"},"sameAs":["https:\/\/www.facebook.com\/Tolomatic\/","https:\/\/x.com\/Tolomatic"]}]}},"_links":{"self":[{"href":"https:\/\/www.tolomatic.com\/de\/wp-json\/wp\/v2\/pages\/19577","targetHints":{"allow":["GET"]}}],"collection":[{"href":"https:\/\/www.tolomatic.com\/de\/wp-json\/wp\/v2\/pages"}],"about":[{"href":"https:\/\/www.tolomatic.com\/de\/wp-json\/wp\/v2\/types\/page"}],"author":[{"embeddable":true,"href":"https:\/\/www.tolomatic.com\/de\/wp-json\/wp\/v2\/users\/1"}],"replies":[{"embeddable":true,"href":"https:\/\/www.tolomatic.com\/de\/wp-json\/wp\/v2\/comments?post=19577"}],"version-history":[{"count":0,"href":"https:\/\/www.tolomatic.com\/de\/wp-json\/wp\/v2\/pages\/19577\/revisions"}],"wp:attachment":[{"href":"https:\/\/www.tolomatic.com\/de\/wp-json\/wp\/v2\/media?parent=19577"}],"curies":[{"name":"wp","href":"https:\/\/api.w.org\/{rel}","templated":true}]}}