{"id":1071,"date":"2022-03-28T16:56:20","date_gmt":"2022-03-28T21:56:20","guid":{"rendered":"https:\/\/www.tolomatic.com\/ueber-tolomatic\/"},"modified":"2022-08-13T00:54:17","modified_gmt":"2022-08-13T00:54:17","slug":"uber-tolomatic","status":"publish","type":"page","link":"https:\/\/www.tolomatic.com\/de\/uber-tolomatic\/","title":{"rendered":"\u00dcber Tolomatic"},"content":{"rendered":"<style>.acf-custom-block.acf-block-rmgintrobanner{padding:60px 0;position:relative}@media only screen and (max-width:1180px){.acf-custom-block.acf-block-rmgintrobanner{padding:50px 0}}.acf-custom-block.acf-block-rmgintrobanner .content{max-width:750px;padding:20px 0 20px 150px}@media only screen and (max-width:1180px){.acf-custom-block.acf-block-rmgintrobanner .content{padding:0}}.acf-custom-block.acf-block-rmgintrobanner .content h1{color:#84cef3;margin-top:0;text-shadow:0 0 20px rgba(0,0,0,.3)}.acf-custom-block.acf-block-rmgintrobanner .content p{font-size:1.25rem}.acf-custom-block.acf-block-rmgintrobanner .content a.btn{margin-top:15px}.acf-custom-block.acf-block-rmgintrobanner.text-dark .content h1,.acf-custom-block.acf-block-rmgintrobanner.text-dark .content p{color:#2c3038}.acf-custom-block.acf-block-rmgintrobanner.text-light .content h1,.acf-custom-block.acf-block-rmgintrobanner.text-light .content p{color:#fff}.acf-custom-block.acf-block-rmgintrobanner.intro-align-center .content{margin:0 auto;padding:20px 100px;text-align:center}@media only screen and (max-width:1180px){.acf-custom-block.acf-block-rmgintrobanner.intro-align-center .content{padding:0}}.acf-custom-block.acf-block-rmgintrobanner.has-nav .content{padding-bottom:50px}@media only screen and (max-width:1180px){.acf-custom-block.acf-block-rmgintrobanner.has-nav .content{padding-bottom:0}}.acf-custom-block.acf-block-rmgintrobanner.bg-image:before{background-position:top}.acf-custom-block.acf-block-rmgintrobanner.background-bg-blue .content h1,.acf-custom-block.acf-block-rmgintrobanner.background-bg-blue .content p{color:#fff}.acf-custom-block.acf-block-rmgintrobanner.background-bg-light-blue .content h1,.acf-custom-block.acf-block-rmgintrobanner.background-bg-light-blue .content p{color:#2c3038}.acf-custom-block.acf-block-rmgintrobanner.intro-wide .content{max-width:100%}.acf-custom-block.acf-block-rmgintrobanner.block-below-none{padding-bottom:0}.intro-banner{margin:0 auto;max-width:1600px;position:relative}.intro-banner .secondary-nav{bottom:0;left:0;position:absolute;text-align:center;width:100%}.intro-banner .secondary-nav .acf-block-wrap{max-width:1600px;padding:0}.intro-banner .secondary-nav ul{display:inline-block;list-style:none;margin:0;padding:0;width:100%}.intro-banner .secondary-nav ul li{display:inline-block;vertical-align:bottom}.intro-banner .secondary-nav ul li a{background-color:hsla(0,0%,100%,.75);color:#0072a7;display:block;font-size:1.1rem;font-weight:700;margin:0 1px;padding:20px 40px;text-decoration:none}.intro-banner .secondary-nav ul li.active a{background-color:#fff;padding:21px 40px}@media only screen and (max-width:1180px){.intro-banner .secondary-nav{position:relative}.intro-banner .secondary-nav ul li{display:block;width:100%}.intro-banner .secondary-nav ul li a{border-bottom:1px solid #888;font-size:1.1rem;padding:15px}}@media only screen and (max-width:767px){.intro-banner .secondary-nav{position:relative}.intro-banner .secondary-nav ul li{display:block;width:100%}.intro-banner .secondary-nav ul li a{border-bottom:1px solid #888;font-size:1.1rem;padding:15px}}body.lang-de .intro-banner .secondary-nav ul li a{font-size:1rem;padding:20px}@media only screen and (max-width:1220px){body.lang-de .intro-banner .secondary-nav ul li a{font-size:.875rem;padding:14px 20px}body.lang-de .intro-banner .secondary-nav ul li.active a{padding:16px 20px}}<\/style>\t<div class=\"banner-breadcrumbs\"><ul class=\"breadcrumbs\"><li><a href=\"https:\/\/www.tolomatic.com\/de\/\">Home<\/a><\/li><li>\u00dcber Tolomatic<\/li><\/ul><\/div>\n<div class=\"intro-banner\">\n\t<div class=\"acf-block-rmgintrobanner acf-custom-block align-full has-nav bg-image background-white text-light intro-align-left darken-background-50 block-below-normal\" id=\"block_624e37fd8ac39\">\n\t\t\t\t<div class=\"acf-block-wrap\">\n\t\t\t<div class=\"content\">\n\t\t\t\t<h1>\u00dcber Tolomatic<\/h1>\t\t\t\t<p>Seit 1954 fertigt Tolomatic innovative Automatisierungskomponenten. Von Getrieben und Bremsen \u00fcber pneumatische Antriebe bis hin zu komplett elektrischen linearen Bewegungssystemen \u2013 unsere Bewegungsl\u00f6sungen bringen Unternehmen voran.on Getrieben und Bremsen \u00fcber pneumatische Antriebe bis hin zu komplett elektrischen linearen Bewegungssystemen \u2013 unsere Bewegungsl\u00f6sungen bringen Unternehmen voran.<\/p>\n\t\t\t<\/div>\t\t<\/div>\n\t\t\t\t\t\t\t<style>#block_624e37fd8ac39:before {background-image: url(https:\/\/www.tolomatic.com\/wp-content\/uploads\/2022\/04\/0172_building20120927-tolomatic-v2-1024x284.jpg);}<\/style>\n\t\t\t<\/div>\n\t\t\t<div class=\"secondary-nav\">\n\t\t\t<div class=\"acf-block-wrap\">\n\t\t\t\t<ul><li ><a href=\"https:\/\/www.tolomatic.com\/de\/uber-tolomatic\/fuhrungsqualitat\/\" target=\"_self\" class=\"\">F\u00fchrungsqualit\u00e4t<\/a><\/li><li ><a href=\"https:\/\/www.tolomatic.com\/de\/uber-tolomatic\/unsere-geschichte\/\" target=\"_self\" class=\"\">Unsere Geschichte<\/a><\/li><\/ul>\n\t\t\t<\/div>\n\t\t<\/div>\n\t<\/div>\n\n<style>.acf-custom-block.acf-block-rmgimagetext .acf-block-wrap{display:flex}.acf-custom-block.acf-block-rmgimagetext.layout-image-left .acf-block-wrap{flex-direction:row-reverse}.acf-custom-block.acf-block-rmgimagetext.layout-image-left .acf-block-wrap .content{justify-content:right}.acf-custom-block.acf-block-rmgimagetext .content{align-items:center;display:flex;flex:1}.acf-custom-block.acf-block-rmgimagetext .content-wrap{width:90%}.acf-custom-block.acf-block-rmgimagetext .image{max-width:500px}.acf-custom-block.acf-block-rmgimagetext .image img{border-radius:6px;height:auto;max-width:100%}.acf-custom-block.acf-block-rmgimagetext .video{align-self:center;min-width:500px}@media only screen and (max-width:1180px){.acf-custom-block.acf-block-rmgimagetext .video{min-width:auto}}@media only screen and (min-width:768px) and (max-width:1180px){.acf-custom-block.acf-block-rmgimagetext .image{flex:1}}@media only screen and (max-width:767px){.acf-custom-block.acf-block-rmgimagetext .acf-block-wrap{align-items:center;flex-direction:column-reverse}.acf-custom-block.acf-block-rmgimagetext.layout-image-left .acf-block-wrap{flex-direction:column-reverse}.acf-custom-block.acf-block-rmgimagetext .content{justify-content:center;margin-top:30px;max-width:565px}.acf-custom-block.acf-block-rmgimagetext .content-wrap{width:95%}.acf-custom-block.acf-block-rmgimagetext .image{text-align:center}}<\/style><div class=\"acf-block-rmgimagetext acf-custom-block align-wide bg-none background-white layout-image-left block-below-normal\" id=\"block_6241f32e92e62\">\n\t\t<div class=\"acf-block-wrap\">\n\t\t\t\t<div class=\"content\">\n\t\t\t<div class=\"content-wrap\"><h2>Excellence in Motion<sup>\u00ae<\/sup> Seit mehr als 60 Jahren<\/h2>\n<p>Dank der t\u00e4glichen Anstrengungen unserer Mitarbeiter in Entwicklung, Betrieb und Vertrieb hat sich Tolomatic einen Ruf f\u00fcr innovative Lineartechnik-Produkte erworben. Produkte von Tolomatic sind in Anwendungen, die vom Verschlie\u00dfen von Flaschen, Verpacken, Materialhandling bis hin zum robotergest\u00fctzten Widerstandspunktschwei\u00dfen reichen, zu finden.<\/p>\n<\/div>\n\t\t<\/div>\n\t\t\t\t\t<div class=\"image\"><img loading=\"lazy\" decoding=\"async\" width=\"700\" height=\"700\" src=\"https:\/\/www.tolomatic.com\/wp-content\/uploads\/2022\/03\/accel.png\" class=\"attachment-content-image size-content-image\" alt=\"\" srcset=\"https:\/\/www.tolomatic.com\/wp-content\/uploads\/2022\/03\/accel.png 700w, https:\/\/www.tolomatic.com\/wp-content\/uploads\/2022\/03\/accel-300x300.png 300w, https:\/\/www.tolomatic.com\/wp-content\/uploads\/2022\/03\/accel-100x100.png 100w, https:\/\/www.tolomatic.com\/wp-content\/uploads\/2022\/03\/accel-600x600.png 600w, https:\/\/www.tolomatic.com\/wp-content\/uploads\/2022\/03\/accel-150x150.png 150w\" sizes=\"auto, (max-width: 700px) 100vw, 700px\" \/><\/div>\t\t\t\t\t\n\t\t\t\t\t<\/div>\n\t\t<\/div>\n\n<div class=\"acf-block-rmggrid acf-custom-block align-full columns-3 bg-image text-light intro-align-center intro-padding-normal\" id=\"block_6242028154498\">\n\t\t<div class=\"acf-block-wrap\">\n\t\t\t\t<div class=\"intro\">\n\t\t\t\t\t<h2>Tolomatic entwickelt, produziert und vertreibt Automatisierungskomponenten zu drei verschiedenen Technologien:<\/h2>\n\t\t\t\t <\/div> \t\t\t\t<div class=\"grid-items\">\n\t\t\t\t\t\t<div class=\"grid-item\">\n\t\t\t\t\t\t\t\t<div class=\"icon\"><img loading=\"lazy\" decoding=\"async\" width=\"300\" height=\"169\" src=\"https:\/\/www.tolomatic.com\/wp-content\/uploads\/2022\/03\/3column-image-01-300x169.jpg\" class=\"attachment-medium size-medium\" alt=\"\" srcset=\"https:\/\/www.tolomatic.com\/wp-content\/uploads\/2022\/03\/3column-image-01-300x169.jpg 300w, https:\/\/www.tolomatic.com\/wp-content\/uploads\/2022\/03\/3column-image-01.jpg 337w\" sizes=\"auto, (max-width: 300px) 100vw, 300px\" \/><\/div>\n\t\t\t\t\t\t\t\t\t\t\t\t<h4>\n\t\t\t\t\t\t\t\t\t\t\t<a href=\"#\" target=\"_self\" class=\"\">Elektrische Linearbewegung<\/a>\t\t\t\t\t\t\t\t\t<\/h4>\n\t\t\t\t\t\t\t\t\t\t\t\t<div class=\"content\"><p>Linearantriebe (mit und ohne Kolbenstange)&nbsp;<br \/>Servo- und Schrittsteuerung &nbsp;<br \/>ServoWeld\u00ae-Servoantriebe &nbsp;<br \/>f\u00fcr Roboter-Widerstandspunktschwei\u00dfen &nbsp;<\/p>\n<\/div>\n\t\t\t\t\t\t\t\t\t\t\t\t\t\t\t<\/div>\n\t\t\t\t\t\t<div class=\"grid-item\">\n\t\t\t\t\t\t\t\t<div class=\"icon\"><img loading=\"lazy\" decoding=\"async\" width=\"300\" height=\"169\" src=\"https:\/\/www.tolomatic.com\/wp-content\/uploads\/2022\/03\/3column-image-02-300x169.jpg\" class=\"attachment-medium size-medium\" alt=\"\" srcset=\"https:\/\/www.tolomatic.com\/wp-content\/uploads\/2022\/03\/3column-image-02-300x169.jpg 300w, https:\/\/www.tolomatic.com\/wp-content\/uploads\/2022\/03\/3column-image-02.jpg 337w\" sizes=\"auto, (max-width: 300px) 100vw, 300px\" \/><\/div>\n\t\t\t\t\t\t\t\t\t\t\t\t<h4>\n\t\t\t\t\t\t\t\t\t\t\t<a href=\"#\" target=\"_self\" class=\"\">Pneumatisch:<\/a>\t\t\t\t\t\t\t\t\t<\/h4>\n\t\t\t\t\t\t\t\t\t\t\t\t<div class=\"content\"><p>Zylinder ohne Kolbenstange \u2014 Band- und Seilzylinder, Linearschlitten<br \/>\nund magnetisch gekoppelte Zylinder und Schlitten<br \/>\nStangenzylinder-Schubd\u00fcse<\/p>\n<\/div>\n\t\t\t\t\t\t\t\t\t\t\t\t\t\t\t<\/div>\n\t\t\t\t\t\t<div class=\"grid-item\">\n\t\t\t\t\t\t\t\t<div class=\"icon\"><img loading=\"lazy\" decoding=\"async\" width=\"300\" height=\"169\" src=\"https:\/\/www.tolomatic.com\/wp-content\/uploads\/2022\/03\/3column-image-03-300x169.jpg\" class=\"attachment-medium size-medium\" alt=\"\" srcset=\"https:\/\/www.tolomatic.com\/wp-content\/uploads\/2022\/03\/3column-image-03-300x169.jpg 300w, https:\/\/www.tolomatic.com\/wp-content\/uploads\/2022\/03\/3column-image-03.jpg 337w\" sizes=\"auto, (max-width: 300px) 100vw, 300px\" \/><\/div>\n\t\t\t\t\t\t\t\t\t\t\t\t<h4>\n\t\t\t\t\t\t\t\t\t\t\t<a href=\"#\" target=\"_self\" class=\"\">Kraft\u00fcbertragung: <\/a>\t\t\t\t\t\t\t\t\t<\/h4>\n\t\t\t\t\t\t\t\t\t\t\t\t<div class=\"content\"><p>Float-A-Shaft\u00ae- uand SlideRite\u00ae-Getriebe<br \/>\nScheiben-Kegelkupplungen<br \/>\nIndustrielle und Off-Highway-Felgenbremsen<\/p>\n<\/div>\n\t\t\t\t\t\t\t\t\t\t\t\t\t\t\t<\/div>\n\t\t\t\t\t<\/div>\n\t\t\t\t\t<\/div>\n\t\t\t\t<style>\n\t\t\t\t\t\t#block_6242028154498:before {background-image: url(https:\/\/www.tolomatic.com\/wp-content\/uploads\/2022\/03\/blue-image-background.jpg);}\n\t\t<\/style>\n\t<\/div>\n\n\n<div class=\"acf-block-rmgimagetext acf-custom-block align-wide bg-none background-white layout-image-left block-below-normal\" id=\"block_624206e99b383\">\n\t\t<div class=\"acf-block-wrap\">\n\t\t\t\t<div class=\"content\">\n\t\t\t<div class=\"content-wrap\"><h2>Legend\u00e4rer Kundenservice<\/h2>\n<p>Das Gesch\u00e4ftssystem ist von der L\u00f6sung von Anwendungsproblemen bis hin zur branchenf\u00fchrenden Lieferung auf unsere Kunden ausgerichtet. Mit unserem leistungsf\u00e4higen weltweiten Vertriebs- und H\u00e4ndlernetzwerk, stehen Ihnen unsere Produkte immer dort und dann zur Verf\u00fcgung, wenn Sie sie ben\u00f6tigen.<\/p>\n<\/div>\n\t\t<\/div>\n\t\t\t\t\t<div class=\"image\"><\/div>\t\t\t\t\t\n\t\t\t\t\t<\/div>\n\t\t<\/div>\n\n<div class=\"acf-block-rmgimagetext acf-custom-block align-wide bg-none background-white layout-image-right block-below-normal\" id=\"block_6242072b9b384\">\n\t\t<div class=\"acf-block-wrap\">\n\t\t\t\t<div class=\"content\">\n\t\t\t<div class=\"content-wrap\"><h2>Zertifiziert nach ISO 9001, um Ihren Anforderungen an die Automatisierung gerecht zu werden<\/h2>\n<p>Seit \u00fcber 60 Jahren arbeitet Tolomatic mit Kunden zusammen, um komplexe Automatisierungsanwendungen zu l\u00f6sen. Unser Herstellungsprozess ist auf Effizienz ausgerichtet und unser Team konzentriert sich auf das Angebot von Qualit\u00e4tsprodukten mit branchenf\u00fchrenden Lieferzeiten. Unser Qualit\u00e4tsanspruch gilt f\u00fcr unsere gesamte Fertigungsanlage, die gem\u00e4\u00df <a href=\"https:\/\/www.tolomatic.com\/infozentrum\/resource-details\/iso-9001-certificate\/\">ISO 9001 zertifiziert<\/a> ist. Wir sind finanziell und strategisch darauf ausgerichtet, Ihnen dabei zu helfen, dem wachsenden Wettbewerbsdruck zu begegnen: Wir sind gro\u00df genug, um ambitionierte Projekte zu \u00fcbernehmen und klein genug, damit die Zusammenarbeit mit uns stets unter Kontrolle bleibt.<\/p>\n<\/div>\n\t\t<\/div>\n\t\t\t\t\t<div class=\"image\"><img loading=\"lazy\" decoding=\"async\" width=\"500\" height=\"345\" src=\"https:\/\/www.tolomatic.com\/wp-content\/uploads\/2022\/03\/customsolutions.gif\" class=\"attachment-content-image size-content-image\" alt=\"\" \/><\/div>\t\t\t\t\t\n\t\t\t\t\t<\/div>\n\t\t<\/div>\n\n<div class=\"acf-block-rmgimagetext acf-custom-block align-wide bg-none background-white layout-image-left block-below-normal\" id=\"block_62420d17036d7\">\n\t\t<div class=\"acf-block-wrap\">\n\t\t\t\t<div class=\"content\">\n\t\t\t<div class=\"content-wrap\"><h2>Innovativ, engagiert und zuverl\u00e4ssig<\/h2>\n<p>F\u00fcr uns ist Innovation nicht nur ein Marketingspruch, sondern die Art und Weise, wie wir t\u00e4glich Gesch\u00e4fte machen. Unser Vertriebsteam ist bestrebt, mit unseren Kunden zusammenzuarbeiten, um sie bei der Definition aller Anwendungsanforderungen zu unterst\u00fctzen. Von der Entwicklung \u00fcber die Fertigung bis hin zur Pr\u00fcfung und Qualit\u00e4tssicherung arbeiten wir mit Ihnen zusammen, um die effektivste Automatisierungsl\u00f6sung f\u00fcr Ihr Unternehmen zu entwickeln.<\/p>\n<\/div>\n\t\t<\/div>\n\t\t\t\t\t\t<div class=\"image video\"><div class=\"lazy-video-wrap\"><a href=\"https:\/\/www.youtube.com\/watch?v=RvY0BFlxpK4&#038;t=1s\" data-disablemessage=\"You must enable tracking cookies to view this video.\" data-title=\"Tolomatic - Overview\" data-videoembed=\"&lt;iframe style=&quot;aspect-ratio: 1280\/720&quot; width=&quot;1280&quot; height=&quot;720&quot; src=&quot;https:\/\/www.youtube-nocookie.com\/embed\/RvY0BFlxpK4?autoplay=1&#038;controls=1&#038;rel=0&quot; frameborder=&quot;0&quot; allow=&quot;accelerometer; autoplay; clipboard-write; encrypted-media; gyroscope; picture-in-picture; web-share&quot; referrerpolicy=&quot;strict-origin-when-cross-origin&quot; allowfullscreen&gt;&lt;\/iframe&gt;\" class=\"lazy-video\" target=\"_blank\" rel=\"noopener\"><img loading=\"lazy\" decoding=\"async\" width=\"1024\" height=\"576\" src=\"https:\/\/www.tolomatic.com\/wp-content\/uploads\/2022\/03\/youtube-RvY0BFlxpK4-2-1024x576.jpg\" class=\"attachment-large size-large\" alt=\"\" srcset=\"https:\/\/www.tolomatic.com\/wp-content\/uploads\/2022\/03\/youtube-RvY0BFlxpK4-2-1024x576.jpg 1024w, https:\/\/www.tolomatic.com\/wp-content\/uploads\/2022\/03\/youtube-RvY0BFlxpK4-2-300x169.jpg 300w, https:\/\/www.tolomatic.com\/wp-content\/uploads\/2022\/03\/youtube-RvY0BFlxpK4-2-768x432.jpg 768w, https:\/\/www.tolomatic.com\/wp-content\/uploads\/2022\/03\/youtube-RvY0BFlxpK4-2-600x338.jpg 600w, https:\/\/www.tolomatic.com\/wp-content\/uploads\/2022\/03\/youtube-RvY0BFlxpK4-2.jpg 1280w\" sizes=\"auto, (max-width: 1024px) 100vw, 1024px\" \/><div class=\"site-icon\"><svg xmlns=\"http:\/\/www.w3.org\/2000\/svg\" width=\"144\" height=\"144\" viewBox=\"0 0 144 144\"><path fill=\"currentColor\" d=\"M72 0c39.765 0 72 32.235 72 72s-32.235 72-72 72S0 111.765 0 72 32.235 0 72 0zM54.492 39.114a5 5 0 00-5 5v55.787a5 5 0 007.477 4.344l48.92-27.894a5 5 0 000-8.687L56.97 39.771a5 5 0 00-2.477-.657z\"><\/path><\/svg><\/div><\/a><\/div><\/div>\n\t\t\t<\/div>\n\t\t<\/div>","protected":false},"excerpt":{"rendered":"","protected":false},"author":1,"featured_media":0,"parent":0,"menu_order":0,"comment_status":"closed","ping_status":"closed","template":"","meta":{"_acf_changed":false,"footnotes":""},"class_list":["post-1071","page","type-page","status-publish","hentry"],"acf":[],"yoast_head":"<!-- This site is optimized with the Yoast SEO plugin v27.3 - https:\/\/yoast.com\/product\/yoast-seo-wordpress\/ -->\n<title>\u00dcber Tolomatic - Tolomatic<\/title>\n<meta name=\"robots\" content=\"index, follow, max-snippet:-1, max-image-preview:large, max-video-preview:-1\" \/>\n<meta property=\"og:locale\" content=\"de_DE\" \/>\n<meta property=\"og:type\" content=\"article\" \/>\n<meta property=\"og:title\" content=\"\u00dcber Tolomatic - Tolomatic\" \/>\n<meta property=\"og:url\" content=\"https:\/\/www.tolomatic.com\/de\/uber-tolomatic\/\" \/>\n<meta property=\"og:site_name\" content=\"Tolomatic\" \/>\n<meta property=\"article:publisher\" content=\"https:\/\/www.facebook.com\/Tolomatic\/\" \/>\n<meta property=\"article:modified_time\" content=\"2022-08-13T00:54:17+00:00\" \/>\n<meta property=\"og:image\" content=\"https:\/\/www.tolomatic.com\/wp-content\/uploads\/2022\/09\/tolo-logo-social.jpg\" \/>\n\t<meta property=\"og:image:width\" content=\"280\" \/>\n\t<meta property=\"og:image:height\" content=\"200\" \/>\n\t<meta property=\"og:image:type\" content=\"image\/jpeg\" \/>\n<meta name=\"twitter:card\" content=\"summary_large_image\" \/>\n<meta name=\"twitter:site\" content=\"@Tolomatic\" \/>\n<script type=\"application\/ld+json\" class=\"yoast-schema-graph\">{\"@context\":\"https:\\\/\\\/schema.org\",\"@graph\":[{\"@type\":\"WebPage\",\"@id\":\"https:\\\/\\\/www.tolomatic.com\\\/de\\\/uber-tolomatic\\\/\",\"url\":\"https:\\\/\\\/www.tolomatic.com\\\/de\\\/uber-tolomatic\\\/\",\"name\":\"\u00dcber Tolomatic - Tolomatic\",\"isPartOf\":{\"@id\":\"https:\\\/\\\/www.tolomatic.com\\\/de\\\/#website\"},\"datePublished\":\"2022-03-28T21:56:20+00:00\",\"dateModified\":\"2022-08-13T00:54:17+00:00\",\"breadcrumb\":{\"@id\":\"https:\\\/\\\/www.tolomatic.com\\\/de\\\/uber-tolomatic\\\/#breadcrumb\"},\"inLanguage\":\"de\",\"potentialAction\":[{\"@type\":\"ReadAction\",\"target\":[\"https:\\\/\\\/www.tolomatic.com\\\/de\\\/uber-tolomatic\\\/\"]}]},{\"@type\":\"BreadcrumbList\",\"@id\":\"https:\\\/\\\/www.tolomatic.com\\\/de\\\/uber-tolomatic\\\/#breadcrumb\",\"itemListElement\":[{\"@type\":\"ListItem\",\"position\":1,\"name\":\"Home\",\"item\":\"https:\\\/\\\/www.tolomatic.com\\\/de\\\/\"},{\"@type\":\"ListItem\",\"position\":2,\"name\":\"\u00dcber Tolomatic\"}]},{\"@type\":\"WebSite\",\"@id\":\"https:\\\/\\\/www.tolomatic.com\\\/de\\\/#website\",\"url\":\"https:\\\/\\\/www.tolomatic.com\\\/de\\\/\",\"name\":\"Tolomatic\",\"description\":\"Excellence in motion\",\"publisher\":{\"@id\":\"https:\\\/\\\/www.tolomatic.com\\\/de\\\/#organization\"},\"potentialAction\":[{\"@type\":\"SearchAction\",\"target\":{\"@type\":\"EntryPoint\",\"urlTemplate\":\"https:\\\/\\\/www.tolomatic.com\\\/de\\\/?s={search_term_string}\"},\"query-input\":{\"@type\":\"PropertyValueSpecification\",\"valueRequired\":true,\"valueName\":\"search_term_string\"}}],\"inLanguage\":\"de\"},{\"@type\":\"Organization\",\"@id\":\"https:\\\/\\\/www.tolomatic.com\\\/de\\\/#organization\",\"name\":\"Tolomatic, Inc.\",\"url\":\"https:\\\/\\\/www.tolomatic.com\\\/de\\\/\",\"logo\":{\"@type\":\"ImageObject\",\"inLanguage\":\"de\",\"@id\":\"https:\\\/\\\/www.tolomatic.com\\\/de\\\/#\\\/schema\\\/logo\\\/image\\\/\",\"url\":\"https:\\\/\\\/www.tolomatic.com\\\/wp-content\\\/uploads\\\/2022\\\/04\\\/tolomatic-logo.png\",\"contentUrl\":\"https:\\\/\\\/www.tolomatic.com\\\/wp-content\\\/uploads\\\/2022\\\/04\\\/tolomatic-logo.png\",\"width\":260,\"height\":58,\"caption\":\"Tolomatic, Inc.\"},\"image\":{\"@id\":\"https:\\\/\\\/www.tolomatic.com\\\/de\\\/#\\\/schema\\\/logo\\\/image\\\/\"},\"sameAs\":[\"https:\\\/\\\/www.facebook.com\\\/Tolomatic\\\/\",\"https:\\\/\\\/x.com\\\/Tolomatic\"]}]}<\/script>\n<!-- \/ Yoast SEO plugin. -->","yoast_head_json":{"title":"\u00dcber Tolomatic - Tolomatic","robots":{"index":"index","follow":"follow","max-snippet":"max-snippet:-1","max-image-preview":"max-image-preview:large","max-video-preview":"max-video-preview:-1"},"og_locale":"de_DE","og_type":"article","og_title":"\u00dcber Tolomatic - Tolomatic","og_url":"https:\/\/www.tolomatic.com\/de\/uber-tolomatic\/","og_site_name":"Tolomatic","article_publisher":"https:\/\/www.facebook.com\/Tolomatic\/","article_modified_time":"2022-08-13T00:54:17+00:00","og_image":[{"width":280,"height":200,"url":"https:\/\/www.tolomatic.com\/wp-content\/uploads\/2022\/09\/tolo-logo-social.jpg","type":"image\/jpeg"}],"twitter_card":"summary_large_image","twitter_site":"@Tolomatic","schema":{"@context":"https:\/\/schema.org","@graph":[{"@type":"WebPage","@id":"https:\/\/www.tolomatic.com\/de\/uber-tolomatic\/","url":"https:\/\/www.tolomatic.com\/de\/uber-tolomatic\/","name":"\u00dcber Tolomatic - Tolomatic","isPartOf":{"@id":"https:\/\/www.tolomatic.com\/de\/#website"},"datePublished":"2022-03-28T21:56:20+00:00","dateModified":"2022-08-13T00:54:17+00:00","breadcrumb":{"@id":"https:\/\/www.tolomatic.com\/de\/uber-tolomatic\/#breadcrumb"},"inLanguage":"de","potentialAction":[{"@type":"ReadAction","target":["https:\/\/www.tolomatic.com\/de\/uber-tolomatic\/"]}]},{"@type":"BreadcrumbList","@id":"https:\/\/www.tolomatic.com\/de\/uber-tolomatic\/#breadcrumb","itemListElement":[{"@type":"ListItem","position":1,"name":"Home","item":"https:\/\/www.tolomatic.com\/de\/"},{"@type":"ListItem","position":2,"name":"\u00dcber Tolomatic"}]},{"@type":"WebSite","@id":"https:\/\/www.tolomatic.com\/de\/#website","url":"https:\/\/www.tolomatic.com\/de\/","name":"Tolomatic","description":"Excellence in motion","publisher":{"@id":"https:\/\/www.tolomatic.com\/de\/#organization"},"potentialAction":[{"@type":"SearchAction","target":{"@type":"EntryPoint","urlTemplate":"https:\/\/www.tolomatic.com\/de\/?s={search_term_string}"},"query-input":{"@type":"PropertyValueSpecification","valueRequired":true,"valueName":"search_term_string"}}],"inLanguage":"de"},{"@type":"Organization","@id":"https:\/\/www.tolomatic.com\/de\/#organization","name":"Tolomatic, Inc.","url":"https:\/\/www.tolomatic.com\/de\/","logo":{"@type":"ImageObject","inLanguage":"de","@id":"https:\/\/www.tolomatic.com\/de\/#\/schema\/logo\/image\/","url":"https:\/\/www.tolomatic.com\/wp-content\/uploads\/2022\/04\/tolomatic-logo.png","contentUrl":"https:\/\/www.tolomatic.com\/wp-content\/uploads\/2022\/04\/tolomatic-logo.png","width":260,"height":58,"caption":"Tolomatic, Inc."},"image":{"@id":"https:\/\/www.tolomatic.com\/de\/#\/schema\/logo\/image\/"},"sameAs":["https:\/\/www.facebook.com\/Tolomatic\/","https:\/\/x.com\/Tolomatic"]}]}},"_links":{"self":[{"href":"https:\/\/www.tolomatic.com\/de\/wp-json\/wp\/v2\/pages\/1071","targetHints":{"allow":["GET"]}}],"collection":[{"href":"https:\/\/www.tolomatic.com\/de\/wp-json\/wp\/v2\/pages"}],"about":[{"href":"https:\/\/www.tolomatic.com\/de\/wp-json\/wp\/v2\/types\/page"}],"author":[{"embeddable":true,"href":"https:\/\/www.tolomatic.com\/de\/wp-json\/wp\/v2\/users\/1"}],"replies":[{"embeddable":true,"href":"https:\/\/www.tolomatic.com\/de\/wp-json\/wp\/v2\/comments?post=1071"}],"version-history":[{"count":0,"href":"https:\/\/www.tolomatic.com\/de\/wp-json\/wp\/v2\/pages\/1071\/revisions"}],"wp:attachment":[{"href":"https:\/\/www.tolomatic.com\/de\/wp-json\/wp\/v2\/media?parent=1071"}],"curies":[{"name":"wp","href":"https:\/\/api.w.org\/{rel}","templated":true}]}}